{"id":1378,"date":"2009-03-07T01:26:05","date_gmt":"2009-03-07T00:26:05","guid":{"rendered":"http:\/\/www.darloup.com\/blog\/?page_id=1378"},"modified":"2016-10-15T20:47:44","modified_gmt":"2016-10-16T01:47:44","slug":"les-plages-costenas-autour-de-barranquilla","status":"publish","type":"page","link":"https:\/\/www.darloup.com\/blog\/la-colombie\/barranquilla-vues-densemble\/les-plages-costenas-autour-de-barranquilla\/","title":{"rendered":"Les plages pr\u00e8s de Barranquilla"},"content":{"rendered":"<p><center><\/p>\n<table cellspacing=\"10\" align=\"center\">\n<tbody>\n<tr>\n<td><img loading=\"lazy\" decoding=\"async\" src=\"http:\/\/www.darloup.com\/blog\/pix\/flag.jpg\" alt=\"Drapeau de la Colombie\" width=\"121\" height=\"81\" align=\"middle\" border=\"0\" \/><\/td>\n<td><img loading=\"lazy\" decoding=\"async\" src=\"http:\/\/www.darloup.com\/blog\/pix\/flagatl.jpg\" alt=\"Drapeau de l'Atl\u00e1ntico\" width=\"121\" height=\"73\" border=\"0\" \/><\/td>\n<td><img loading=\"lazy\" decoding=\"async\" src=\"http:\/\/www.darloup.com\/blog\/pix\/flagbar.jpg\" alt=\"Drapeau de Barranquilla\" width=\"121\" height=\"73\" border=\"0\" \/><\/td>\n<\/tr>\n<\/tbody>\n<\/table>\n<p><\/center><\/p>\n<div>\nL&rsquo;\u00e9tat de l&rsquo;Atl\u00e1ntico, o\u00f9 se trouve Barranquilla, ainsi que les \u00e9tats situ\u00e9s \u00e0 l&rsquo;ouest (\u00ab\u00a0Bol\u00edvar\u00a0\u00bb, \u00ab\u00a0Sucre\u00a0\u00bb, \u00ab\u00a0C\u00f3rdoba\u00a0\u00bb, \u00ab\u00a0Antioquia\u00a0\u00bb, \u00ab\u00a0Choc\u00f3\u00a0\u00bb) et les \u00e9tats situ\u00e9s \u00e0 l&rsquo;est (\u00ab\u00a0Magdalena\u00a0\u00bb, \u00ab\u00a0La Guajira\u00a0\u00bb&nbsp;) sont tous&nbsp;bord\u00e9s au nord par la mer des Cara\u00efbes.<\/p>\n<\/div>\n<div>\n<p>Cette carte vous permettra de mieux comprendre la topographie de&nbsp;\u00ab\u00a0La C\u00f4te\u00a0\u00bb <span style=\"color: #ff0000;\"><strong>(La Costa)<\/strong><\/span>.<\/p>\n<\/div>\n<p align=\"center\"><img decoding=\"async\" src=\"http:\/\/www.darloup.com\/blog\/pix\/lacosta.jpg\" alt=\"Carte des Etats de la Colombie\" width=\"600\" border=\"0\" \/><\/p>\n<p>Huit \u00e9tats de la Colombie ont donc une fa\u00e7ade sur la c\u00f4te nord du pays bord\u00e9e par la mer des Cara\u00efbes. Ce littoral est appel\u00e9 \u00ab\u00a0la C\u00f4te\u00a0\u00bb <span style=\"color: #ff0000;\"><strong>(la Costa) <\/strong><\/span>d&rsquo;o\u00f9 est naturellement d\u00e9riv\u00e9 l&rsquo;adjectif <span style=\"color: #ff0000;\"><strong>\u00ab\u00a0coste\u00f1o\u00a0\u00bb<\/strong><\/span>.<\/p>\n<p>Je suppose que le nom-m\u00eame de \u00ab\u00a0Mer des Cara\u00efbes\u00a0\u00bb \u00e9voque pour vous des images de plages paradisiaques : Eaux turquoises et cristallines, sable blanc, cocotiers, langoustes grill\u00e9es, etc&#8230;<\/p>\n<div>\n<p>Bon, j&rsquo;ai maintenant deux nouvelles pour vous : une bonne&nbsp;et une mauvaise.<\/p>\n<\/div>\n<div>\n<p><strong><u>La bonne nouvelle<\/u> :<\/strong> La c\u00f4te coste\u00f1a poss\u00e8de en effet les plus belles plages de Colombie &#8211; tout ce dont vous avez pu r\u00eaver et imaginer. Vous ne me croyez pas ? OK, parfois les images ont plus de poids que les mots. Voici donc quelques photos de plages coste\u00f1as :<\/p>\n<\/div>\n<p><center><\/p>\n<table cellspacing=\"10\">\n<tbody>\n<tr>\n<td valign=\"middle\"><a title=\"Une plage coste\u00f1a\" href=\"http:\/\/www.darloup.com\/blog\/pix\/playa1.jpg\" rel=\"lightbox\"><img loading=\"lazy\" decoding=\"async\" title=\"(cliquer pour agrandir)\" src=\"http:\/\/www.darloup.com\/blog\/pix\/playa1.jpg\" alt=\"\" width=\"200\" height=\"150\" align=\"center\" border=\"0\" \/><\/a><center>Une plage coste\u00f1a<\/center><\/td>\n<td valign=\"middle\"><a title=\"Une plage coste\u00f1a\" href=\"http:\/\/www.darloup.com\/blog\/pix\/playa2.jpg\" rel=\"lightbox\"><img loading=\"lazy\" decoding=\"async\" title=\"(cliquer pour agrandir)\" src=\"http:\/\/www.darloup.com\/blog\/pix\/playa2.jpg\" alt=\"\" width=\"200\" height=\"131\" align=\"center\" border=\"0\" \/><\/a><center>Une autre page coste\u00f1a<\/center><\/td>\n<td valign=\"middle\"><a title=\"Une plage coste\u00f1a\" href=\"http:\/\/www.darloup.com\/blog\/pix\/playa3.jpg\" rel=\"lightbox\"><img loading=\"lazy\" decoding=\"async\" title=\"(cliquer pour agrandir)\" src=\"http:\/\/www.darloup.com\/blog\/pix\/playa3.jpg\" alt=\"\" width=\"200\" height=\"150\" align=\"center\" border=\"0\" \/><\/a><center>Et encore une plage coste\u00f1a<\/center><\/td>\n<\/tr>\n<tr>\n<td style=\"text-align: center;\" valign=\"middle\"><a title=\"Une page coste\u00f1a\" href=\"http:\/\/www.darloup.com\/blog\/pix\/playa4.jpg\" rel=\"lightbox\"><img loading=\"lazy\" decoding=\"async\" title=\"(cliquer pour agrandir)\" src=\"http:\/\/www.darloup.com\/blog\/pix\/playa4.jpg\" alt=\"\" width=\"200\" height=\"150\" align=\"center\" border=\"0\" \/><\/a><center>Et une autre&#8230;<\/center><\/td>\n<td style=\"text-align: center;\" valign=\"middle\"><a title=\"Une page coste\u00f1a\" href=\"http:\/\/www.darloup.com\/blog\/pix\/playa5.jpg\" rel=\"lightbox\"><img loading=\"lazy\" decoding=\"async\" title=\"(cliquer pour agrandir)\" src=\"http:\/\/www.darloup.com\/blog\/pix\/playa5.jpg\" alt=\"\" width=\"200\" height=\"125\" align=\"center\" border=\"0\" \/><\/a><center>Et encore une autre&#8230;<\/center><\/td>\n<td style=\"text-align: center;\" valign=\"middle\"><a title=\"Une plage coste\u00f1a\" href=\"http:\/\/www.darloup.com\/blog\/pix\/playa6.jpg\" rel=\"lightbox\"><img loading=\"lazy\" decoding=\"async\" title=\"(cliquer pour agrandir)\" src=\"http:\/\/www.darloup.com\/blog\/pix\/playa6.jpg\" alt=\"\" width=\"200\" height=\"133\" align=\"center\" border=\"0\" \/><\/a><center>Et toujours une autre&#8230;<\/center><\/td>\n<\/tr>\n<\/tbody>\n<\/table>\n<p><\/center><\/p>\n<div><strong><u>La mauvaise nouvelle<\/u> :<\/strong> Malheureusement, vous ne trouverez pas ces pages aux alentours imm\u00e9diats de Barranquilla.<\/div>\n<p>&nbsp;<\/p>\n<div>\nPourquoi ? Le coupable est le fleuve Magdalena. Ce dernier (le plus grand fleuve de Colombie) est h\u00e9las irr\u00e9m\u00e9diablement pollu\u00e9 (au mercure, au plomb et pire encore).&nbsp;Il d\u00e9verse chaque jour&nbsp;pr\u00e8s de Barranquilla, et directement dans la mer des Cara\u00efbes, des millions de m\u00e8tres cubes d&rsquo;eaux pollu\u00e9es. Les vents pr\u00e9dominants sur la c\u00f4te coste\u00f1a&nbsp;soufflent&nbsp; principalement&nbsp;du nord-est et ont donc une f\u00e2cheuse tendance&nbsp;\u00e0 rabattre&nbsp;toute cette pollution&nbsp;sur la c\u00f4te coste\u00f1a aux&nbsp;environs imm\u00e9diats de Barranquilla.<\/p>\n<\/div>\n<div>\n<p>Oubliez-donc les plages dans un rayon de&nbsp;20-30 kilom\u00e8tres (et m\u00eame plus) aux alentours de Barranquilla.&nbsp;La c\u00f4te&nbsp;est h\u00e9las&nbsp;jonch\u00e9e de bouteilles et de sacs en plastique,&nbsp;et d&rsquo;autres choses encore beaucoup moins ragoutantes. De plus, et comme l&rsquo;attestent&nbsp;de nombreux t\u00e9moignages, vous vous exposez \u00e0 de <strong>s\u00e9rieux probl\u00e8mes de sant\u00e9<\/strong> en vous baignant aux&nbsp;alentours de Barranquilla.<\/p>\n<\/div>\n<div>\n<p>D\u00e9sol\u00e9, mais je m&rsquo;\u00e9vertue d&rsquo;\u00eatre impartial dans mes conseils !<\/p>\n<\/div>\n<div><span class=\"styleb\"><u>Guide des plages aux alentours de Barranquilla<\/u> :<\/span><\/div>\n<p>&nbsp;<\/p>\n<div><\/div>\n<div><\/div>\n<div>\n<center><img loading=\"lazy\" decoding=\"async\" class=\"size-medium aligncenter\" src=\"http:\/\/www.darloup.com\/blog\/pix\/2016\/playas02.jpg\" alt=\"Les plages pr\u00e8s de Barranquilla.\" width=\"800\" height=\"600\" \/><\/center>\n<\/div>\n<div><\/div>\n<div><\/div>\n<p>&nbsp;<\/p>\n<div><span class=\"stylec\">(1) &#8211; Sabanilla<\/span><\/div>\n<table border=\"0\" cellspacing=\"1\" cellpadding=\"1\" align=\"center\">\n<tbody>\n<tr>\n<td valign=\"middle\"><a title=\"Sabanilla\" href=\"http:\/\/www.darloup.com\/blog\/pix\/sabanilla.jpg\" rel=\"lightbox\"><img loading=\"lazy\" decoding=\"async\" title=\"(cliquer pour agrandir)\" src=\"http:\/\/www.darloup.com\/blog\/pix\/sabanilla.jpg\" alt=\"\" width=\"200\" height=\"150\" align=\"left\" border=\"0\" \/> <\/a><\/td>\n<td width=\"30\"><\/td>\n<td valign=\"middle\">Cette plage est la plus proche de Barranquilla (10 minutes en taxi), mais elle est h\u00e9las <span style=\"color: #ff0000;\"><u>\u00e0 \u00e9viter<\/u><\/span> au vu des risques de sant\u00e9 importants qu&rsquo;elle pr\u00e9sente si vous vous baignez.<\/td>\n<\/tr>\n<\/tbody>\n<\/table>\n<div><\/div>\n<p>&nbsp;<\/p>\n<div><span class=\"stylec\">(2) &#8211; Puerto Salgar<\/span><\/div>\n<table border=\"0\" cellspacing=\"1\" cellpadding=\"1\" align=\"center\">\n<tbody>\n<tr>\n<td valign=\"middle\"><a title=\"Puerto Salgar\" href=\"http:\/\/www.darloup.com\/blog\/pix\/salgar.jpg\" rel=\"lightbox\"><img loading=\"lazy\" decoding=\"async\" title=\"(cliquer pour agrandir)\" src=\"http:\/\/www.darloup.com\/blog\/pix\/salgar.jpg\" alt=\"\" width=\"200\" height=\"150\" align=\"left\" border=\"0\" \/> <\/a><\/td>\n<td width=\"30\"><\/td>\n<td valign=\"middle\">Cette plage se trouve seulement \u00e0 15 minutes de Barranquilla mais, une fois de plus, elle est <span style=\"color: #ff0000;\"><u>\u00e0 \u00e9viter<\/u><\/span> au vu des risques de sant\u00e9 importants qu&rsquo;elle pr\u00e9sente si vous vous baignez.<\/td>\n<\/tr>\n<\/tbody>\n<\/table>\n<div><\/div>\n<p>&nbsp;<\/p>\n<div><span class=\"stylec\">(3) &#8211; Puerto Colombia<\/span><\/div>\n<table border=\"0\" cellspacing=\"1\" cellpadding=\"1\" align=\"center\">\n<tbody>\n<tr>\n<td valign=\"middle\"><a title=\"Puerto Colombia\" href=\"http:\/\/www.darloup.com\/blog\/pix\/puertocolombia1a.jpg\" rel=\"lightbox\"><img loading=\"lazy\" decoding=\"async\" title=\"(cliquer pour agrandir)\" src=\"http:\/\/www.darloup.com\/blog\/pix\/puertocolombia1a.jpg\" alt=\"\" width=\"200\" height=\"150\" align=\"left\" border=\"0\" \/> <\/a><\/td>\n<td width=\"30\"><\/td>\n<td rowspan=\"2\" valign=\"middle\">Cette plage se trouve \u00e0 20 minutes de Barranquilla. Elle est \u00e9galement <span style=\"color: #ff0000;\"><u>\u00e0 \u00e9viter<\/u><\/span>.&nbsp;&nbsp;La plage est une v\u00e9ritable poubelle et&nbsp;la mer est toujours charg\u00e9e de nombreux d\u00e9chets.<\/p>\n<p>A noter que l&rsquo;h\u00f4tel \u00ab\u00a0PradoMar\u00a0\u00bb (situ\u00e9 \u00e0 2 kilom\u00e8tres avant Puerto Colombia &#8211; \u00e0 l&rsquo;est de la baie) poss\u00e8de sa propre plage (petite, mais beaucoup plus propre que la plage principale de Puerto Colombia). Cet h\u00f4tel est surtout r\u00e9put\u00e9 pour ses merveilleuses caba\u00f1as ((140 000\/160 000 pesos par nuit &#8211; en semaine et hors saison) situ\u00e9es dans un cadre v\u00e9ritablement idyllique.<\/td>\n<\/tr>\n<tr>\n<td valign=\"middle\"><a title=\"Puerto Colombia\" href=\"http:\/\/www.darloup.com\/blog\/pix\/puertocolombia1b.jpg\" rel=\"lightbox\"><img loading=\"lazy\" decoding=\"async\" title=\"(cliquer pour agrandir)\" src=\"http:\/\/www.darloup.com\/blog\/pix\/puertocolombia1b.jpg\" alt=\"\" width=\"200\" height=\"150\" align=\"left\" border=\"0\" \/> <\/a><\/td>\n<td width=\"30\"><\/td>\n<\/tr>\n<\/tbody>\n<\/table>\n<div><\/div>\n<p>&nbsp;<\/p>\n<div><span class=\"stylec\">(4) &#8211; Ca\u00f1o Dulce <\/span><\/div>\n<table border=\"0\" cellspacing=\"1\" cellpadding=\"1\" align=\"center\">\n<tbody>\n<tr>\n<td valign=\"middle\"><a title=\"Ca\u00f1o Dulce\" href=\"http:\/\/www.darloup.com\/blog\/pix\/canodulce1a.jpg\" rel=\"lightbox\"><img loading=\"lazy\" decoding=\"async\" title=\"(cliquer pour agrandir)\" src=\"http:\/\/www.darloup.com\/blog\/pix\/canodulce1a.jpg\" alt=\"\" width=\"200\" height=\"150\" align=\"left\" border=\"0\" \/><\/a><\/td>\n<td width=\"30\"><\/td>\n<td rowspan=\"2\" valign=\"middle\">Cette plage se trouve \u00e0 35 minutes de Barranquilla. Sa topographie la prot\u00e8ge des courants polleurs et elle est donc relativement propre.<\/p>\n<p>A noter la pr\u00e9sence de nombeux restaurants o\u00f9 vous pourrez d\u00e9guster du poisson frais et des fruits de mer (<span style=\"color: #ff0000;\"><strong>mariscos<\/strong><\/span>).<\/td>\n<\/tr>\n<tr>\n<td valign=\"middle\"><a title=\"Ca\u00f1o Dulce\" href=\"http:\/\/www.darloup.com\/blog\/pix\/canodulce1b.jpg\" rel=\"lightbox\"><img loading=\"lazy\" decoding=\"async\" title=\"(cliquer pour agrandir)\" src=\"http:\/\/www.darloup.com\/blog\/pix\/canodulce1b.jpg\" alt=\"\" width=\"200\" height=\"150\" align=\"left\" border=\"0\" \/> <\/a><\/td>\n<td width=\"30\"><\/td>\n<\/tr>\n<\/tbody>\n<\/table>\n<div><\/div>\n<p>&nbsp;<\/p>\n<div><span class=\"stylec\">(5) &#8211; Puerto Velero<\/span><\/div>\n<table border=\"0\" cellspacing=\"1\" cellpadding=\"1\" align=\"center\">\n<tbody>\n<tr>\n<td valign=\"middle\"><a title=\"Puerto Velero\" href=\"http:\/\/www.darloup.com\/blog\/pix\/puertovelero1a.jpg\" rel=\"lightbox\"><img loading=\"lazy\" decoding=\"async\" title=\"(cliquer pour agrandir)\" src=\"http:\/\/www.darloup.com\/blog\/pix\/puertovelero1a.jpg\" alt=\"\" width=\"200\" height=\"150\" align=\"left\" border=\"0\" \/><\/a><\/td>\n<td width=\"30\"><\/td>\n<td rowspan=\"2\" valign=\"middle\">Situ\u00e9 \u00e0 45 minutes de Barranquilla, Puerto Velero se targue d&rsquo;\u00eatre le plus grand \u00ab\u00a0complexe baln\u00e9aire\u00a0\u00bb de l&rsquo;\u00e9tat de l&rsquo;Atl\u00e1ntico.<\/p>\n<p>Vous pourrez y pratiquer la planche \u00e0 voile et m\u00eame le parachute ascensionnel !<\/p>\n<p>La plage poss\u00e8de de nombreux restaurants, des kiosques d\u00e9di\u00e9s \u00e0 l&rsquo;artisanat r\u00e9gional, diff\u00e9rentes&nbsp;aires de jeux, et beaucoup plus encore.<\/p>\n<p>Puerto Velero est un endroit id\u00e9al pour passer une journ\u00e9e en famille loin de la chaleur de Barranquilla.<\/p>\n<p>&nbsp;<\/td>\n<\/tr>\n<tr>\n<td valign=\"middle\"><a title=\"Puerto Velero\" href=\"http:\/\/www.darloup.com\/blog\/pix\/puertovelero1b.jpg\" rel=\"lightbox\"><img loading=\"lazy\" decoding=\"async\" title=\"(cliquer pour agrandir)\" src=\"http:\/\/www.darloup.com\/blog\/pix\/puertovelero1b.jpg\" alt=\"\" width=\"200\" height=\"150\" align=\"left\" border=\"0\" \/> <\/a><\/td>\n<td width=\"30\"><\/td>\n<\/tr>\n<\/tbody>\n<\/table>\n<div><\/div>\n<p>&nbsp;<\/p>\n<div><span class=\"stylec\">(6) &#8211; Santa Ver\u00f3nica <\/span><\/div>\n<table border=\"0\" cellspacing=\"1\" cellpadding=\"1\" align=\"center\">\n<tbody>\n<tr>\n<td valign=\"middle\"><a title=\"Santa Ver\u00f3nica\" href=\"http:\/\/www.darloup.com\/blog\/pix\/santaveronica1a.jpg\" rel=\"lightbox\"><img loading=\"lazy\" decoding=\"async\" title=\"(cliquer pour agrandir)\" src=\"http:\/\/www.darloup.com\/blog\/pix\/santaveronica1a.jpg\" alt=\"\" width=\"200\" height=\"146\" align=\"left\" border=\"0\" \/><\/a><\/td>\n<td width=\"30\"><\/td>\n<td rowspan=\"2\" valign=\"middle\">Santa Ver\u00f3nica, situ\u00e9e \u00e0 moins d&rsquo;une heure de Barranquilla, est une merveilleuse plage plus ax\u00e9e sur la tranquillit\u00e9, la relaxation et le cadre naturel que sa voisine Puerto Velero (voir ci-dessus).<\/p>\n<p>C&rsquo;est un endroit id\u00e9al pour passer une journ\u00e9e sur une plage de qualit\u00e9 relativement proche de Barranquilla. Et pourquoi ne pas y passer une nuit ? Vous y trouverez quatre hotels ainsi que des <span style=\"color: #ff0000;\"><strong>caba\u00f1as<\/strong><\/span> situ\u00e9es en bordure de mer.<\/td>\n<\/tr>\n<tr>\n<td valign=\"middle\"><a title=\"Santa Ver\u00f3nica\" href=\"http:\/\/www.darloup.com\/blog\/pix\/santaveronica1b.jpg\" rel=\"lightbox\"><img loading=\"lazy\" decoding=\"async\" title=\"(cliquer pour agrandir)\" src=\"http:\/\/www.darloup.com\/blog\/pix\/santaveronica1b.jpg\" alt=\"\" width=\"200\" height=\"150\" align=\"left\" border=\"0\" \/> <\/a><\/td>\n<td width=\"30\"><\/td>\n<\/tr>\n<\/tbody>\n<\/table>\n<div><\/div>\n<p>&nbsp;<\/p>\n<div><span class=\"styleb\"><u>Carte d\u00e9taill\u00e9e des plages entre Barranquilla et Puerto Colombia<\/u> :<\/span><\/div>\n<div><\/div>\n<p><figure style=\"width: 887px\" class=\"wp-caption aligncenter\"><img loading=\"lazy\" decoding=\"async\" class=\"\" src=\"http:\/\/www.darloup.com\/blog\/pix\/2016\/playas01.jpg\" alt=\"Les plages entre Barranquilla et Puerto Colombia - \u00e0 \u00e9viter comme la peste !\" width=\"887\" height=\"390\" \/><figcaption class=\"wp-caption-text\"><center>Les plages entre Barranquilla et Puerto Colombia &#8211; \u00e0 \u00e9viter comme la peste !<\/center><\/figcaption><\/figure><br \/>\n&nbsp;<br \/>\nLa carte ci-dessus est orient\u00e9e du Sud (au haut) vers le Nord (en bas). Barranquilla est donc situ\u00e9e \u00e0 la gauche de la carte. Puerto Colombia est situ\u00e9 \u00e0 droite de la carte &#8211; \u00ab\u00a0Muelle\u00a0\u00bb indique la jet\u00e9e de Puerto Colombia.<\/p>\n<p><span style=\"color: #ff0000;\"><strong>Ces plages sont \u00e0 \u00e9viter comme la peste.<\/strong><\/span> D&rsquo;une part, elles sont tr\u00e8s dangereuses de part les courants et lames de fond qui y r\u00e8gnent. La carte vous montre combien de personnes y ont p\u00e9ri depuis 2012. De plus, elles sont extr\u00eamement pollu\u00e9es par des mati\u00e8res f\u00e9cales. Vous risquez donc de nager parmi des \u00e9trons et, surtout, d&rsquo;attraper une s\u00e9rieuse h\u00e9patite en nageant dans des eaux infect\u00e9es par&nbsp;la bact\u00e9rie&nbsp;E.&nbsp;coli.<\/p>\n<div><u><strong>Une solution alternative<\/strong><\/u> :<\/div>\n<p>&nbsp;<\/p>\n<div>L&rsquo;h\u00f4tel \u00ab\u00a0El Prado\u00a0\u00bb (Carrera 54 N\u00b0 70-10) poss\u00e8de une superbe piscine. Pour 20 000 pesos (prix en 2015), vous y aurez acc\u00e8s toute la journ\u00e9e et ce prix comprend m\u00eame les serviettes de bains &#8211; n&rsquo;oubliez simplement pas d&rsquo;apporter votre maillot de bain !<\/div>\n<div><\/div>\n<table cellspacing=\"10\" align=\"center\">\n<tbody>\n<tr>\n<td valign=\"middle\"><a title=\"Piscine de l'h\u00f4tel El Prado\" href=\"http:\/\/www.darloup.com\/blog\/pix\/hotelelprado.jpg\" rel=\"lightbox\"><img loading=\"lazy\" decoding=\"async\" title=\"(cliquer pour agrandir)\" src=\"http:\/\/www.darloup.com\/blog\/pix\/hotelelprado.jpg\" alt=\"\" width=\"200\" height=\"150\" align=\"center\" border=\"0\" \/><\/a><center>Piscine de l&rsquo;h\u00f4tel El Prado<\/center><\/td>\n<\/tr>\n<\/tbody>\n<\/table>\n","protected":false},"excerpt":{"rendered":"<p>L&rsquo;\u00e9tat de l&rsquo;Atl\u00e1ntico, o\u00f9 se trouve Barranquilla, ainsi que les \u00e9tats situ\u00e9s \u00e0 l&rsquo;ouest (\u00ab\u00a0Bol\u00edvar\u00a0\u00bb, \u00ab\u00a0Sucre\u00a0\u00bb, \u00ab\u00a0C\u00f3rdoba\u00a0\u00bb, \u00ab\u00a0Antioquia\u00a0\u00bb, \u00ab\u00a0Choc\u00f3\u00a0\u00bb) et les \u00e9tats situ\u00e9s \u00e0 l&rsquo;est (\u00ab\u00a0Magdalena\u00a0\u00bb, \u00ab\u00a0La Guajira\u00a0\u00bb&nbsp;) sont tous&nbsp;bord\u00e9s au nord par la mer des Cara\u00efbes. Cette carte vous permettra de mieux comprendre la topographie de&nbsp;\u00ab\u00a0La C\u00f4te\u00a0\u00bb (La Costa). Huit \u00e9tats de la Colombie &hellip; <a href=\"https:\/\/www.darloup.com\/blog\/la-colombie\/barranquilla-vues-densemble\/les-plages-costenas-autour-de-barranquilla\/\" class=\"more-link\">Continuer la lecture<span class=\"screen-reader-text\"> de &laquo;&nbsp;Les plages pr\u00e8s de Barranquilla&nbsp;&raquo;<\/span><\/a><\/p>\n","protected":false},"author":1,"featured_media":0,"parent":145,"menu_order":3750,"comment_status":"open","ping_status":"open","template":"","meta":{"_monsterinsights_skip_tracking":false,"_monsterinsights_sitenote_active":false,"_monsterinsights_sitenote_note":"","_monsterinsights_sitenote_category":0,"footnotes":""},"class_list":["post-1378","page","type-page","status-publish","hentry"],"aioseo_notices":[],"jetpack_shortlink":"https:\/\/wp.me\/Pj2vv-me","jetpack_likes_enabled":true,"jetpack_sharing_enabled":true,"_links":{"self":[{"href":"https:\/\/www.darloup.com\/blog\/wp-json\/wp\/v2\/pages\/1378","targetHints":{"allow":["GET"]}}],"collection":[{"href":"https:\/\/www.darloup.com\/blog\/wp-json\/wp\/v2\/pages"}],"about":[{"href":"https:\/\/www.darloup.com\/blog\/wp-json\/wp\/v2\/types\/page"}],"author":[{"embeddable":true,"href":"https:\/\/www.darloup.com\/blog\/wp-json\/wp\/v2\/users\/1"}],"replies":[{"embeddable":true,"href":"https:\/\/www.darloup.com\/blog\/wp-json\/wp\/v2\/comments?post=1378"}],"version-history":[{"count":135,"href":"https:\/\/www.darloup.com\/blog\/wp-json\/wp\/v2\/pages\/1378\/revisions"}],"predecessor-version":[{"id":3893,"href":"https:\/\/www.darloup.com\/blog\/wp-json\/wp\/v2\/pages\/1378\/revisions\/3893"}],"up":[{"embeddable":true,"href":"https:\/\/www.darloup.com\/blog\/wp-json\/wp\/v2\/pages\/145"}],"wp:attachment":[{"href":"https:\/\/www.darloup.com\/blog\/wp-json\/wp\/v2\/media?parent=1378"}],"curies":[{"name":"wp","href":"https:\/\/api.w.org\/{rel}","templated":true}]}}