{"id":145,"date":"2008-08-29T17:18:22","date_gmt":"2008-08-29T15:18:22","guid":{"rendered":"http:\/\/www.darloup.com\/blog\/?page_id=145"},"modified":"2016-12-04T01:18:51","modified_gmt":"2016-12-04T06:18:51","slug":"barranquilla-vues-densemble","status":"publish","type":"page","link":"https:\/\/www.darloup.com\/blog\/la-colombie\/barranquilla-vues-densemble\/","title":{"rendered":"Barranquilla"},"content":{"rendered":"<p><center><\/p>\n<table cellspacing=\"10\" align=\"center\">\n<tbody>\n<tr>\n<td><img loading=\"lazy\" decoding=\"async\" src=\"http:\/\/www.darloup.com\/blog\/pix\/flag.jpg\" alt=\"Drapeau de la Colombie\" width=\"121\" height=\"81\" align=\"middle\" border=\"0\" \/><\/td>\n<td><img loading=\"lazy\" decoding=\"async\" src=\"http:\/\/www.darloup.com\/blog\/pix\/flagatl.jpg\" alt=\"Drapeau de l'Atl\u00e1ntico\" width=\"121\" height=\"73\" border=\"0\" \/><\/td>\n<td><img loading=\"lazy\" decoding=\"async\" src=\"http:\/\/www.darloup.com\/blog\/pix\/flagbar.jpg\" alt=\"Drapeau de Barranquilla\" width=\"121\" height=\"73\" border=\"0\" \/><\/td>\n<\/tr>\n<\/tbody>\n<\/table>\n<p><\/center><\/p>\n<div><\/div>\n<div><\/div>\n<div><\/div>\n<div>Capitale de l\u2019\u00e9tat de l\u2019Atl\u00e1ntico, Barranquilla est la quatri\u00e8me ville de Colombie (plus de 2 millions d\u2019habitants) apr\u00e8s Bogot\u00e1, Medell\u00edn et Cali.<\/div>\n<p><\/p>\n<div>C\u2019est une ville dont vous ne tomberez pas imm\u00e9diatement amoureux&nbsp;: Grande m\u00e9tropole industrielle (avec un port maritime tr\u00e8s actif, une zone franche et de nombreuses usines), son infrastructure laisse franchement \u00e0 d\u00e9sirer (pas d\u2019\u00e9gout, chauss\u00e9es en mauvais \u00e9tat, pollution).<\/div>\n<p><\/p>\n<div>C\u2019est une ville anim\u00e9e et bruyante qui, comme toute m\u00e9tropole,&nbsp;poss\u00e8de de nombreuses facettes &#8211; souvent contradictoires.<\/div>\n<p><\/p>\n<div>A l\u2019encontre des autres villes de l\u2019int\u00e9rieur de la Colombie, Barranquilla ne fut pas fond\u00e9e par la noblesse espagnole mais, progressivement, par des colons immigrants. Ce sont ces derniers qui lui ont apport\u00e9 son incroyable diversit\u00e9 (culture, folklore, gastronomie, musique, etc.).<\/div>\n<p><\/p>\n<div>Mais, plus important encore, le charme de Barranquilla est conf\u00e9r\u00e9 par ses habitants, <a href=\"?page_id=80\">les coste\u00f1os<\/a>, des gens chaleureux, ouverts, optimistes et souriants.<\/div>\n<p><\/p>\n<div>D\u00e8s 7 heures du matin, les magasins ouvrent leurs portes et d\u2019\u00e9normes baffles sont plac\u00e9s dans les rues. Commence ainsi une sympathique cacophonie musicale qui durera dans les rues de la ville jusqu\u2019au coucher du soleil &#8211; et parfois beaucoup plus tard surtout en fin de semaine !<\/div>\n<p><\/p>\n<div>Sur les trottoirs, de petits \u00e9tals sont jonch\u00e9s de <a href=\"?page_id=1014\">fruits exotiques<\/a> bizarres, tous plus d\u00e9licieux les uns que les autres.<\/div>\n<p><\/p>\n<div>Des vendeurs ambulants vous proposent des <a href=\"?page_id=1293\">sorbets rafraichissants au jus de fruits<\/a>, du lait de coco, de <a href=\"?page_id=983\">d\u00e9licieux mets carib\u00e9ens<\/a> cuits devant vous ainsi qu\u2019une prodigieuse vari\u00e9t\u00e9 d\u2019objets de pacotille.<\/div>\n<p><\/p>\n<div>La ville est un kal\u00e9idoscope de couleurs,&nbsp;de sensations, de bruits et d\u2019odeurs.<\/div>\n<p><\/p>\n<div>Que les quartiers soient riches ou populaires, que les voies soient de grandes avenues rectilignes ou des ruelles sinueuses, que les b\u00e2timents soient des immeubles modernes ou bien d&rsquo;anciennes maisons coloniales, Barranquilla offre une merveilleuse diversit\u00e9 et des contrastes \u00e9tonnants qui ne cesseront de vous surprendre. Voici une petite s\u00e9lection d&rsquo;images de Barranquilla <em>(cliquez sur les images pour les agrandir)<\/em>.<\/div>\n<p><\/p>\n<table border=\"0\" cellspacing=\"20\" align=\"center\">\n<tbody>\n<tr>\n<td><a title=\"Vue de Barranquilla\" href=\"pix\/pix1.jpg\" rel=\"lightbox\"><img loading=\"lazy\" decoding=\"async\" title=\"(cliquer pour agrandir)\" src=\"http:\/\/www.darloup.com\/blog\/pix\/pix1.jpg\" alt=\"\" width=\"200\" height=\"150\" \/><\/a>&nbsp;<center><strong>Vue de Barranquilla<\/strong><\/center><\/td>\n<td><a title=\"Une avenue tranquille\" href=\"http:\/\/www.darloup.com\/blog\/pix\/pix2.jpg\" rel=\"lightbox\"><img loading=\"lazy\" decoding=\"async\" title=\"(cliquer pour agrandir)\" src=\"http:\/\/www.darloup.com\/blog\/pix\/pix2.jpg\" alt=\"\" width=\"200\" height=\"150\" \/><\/a><center><strong>Une avenue tranquille<\/strong><\/center><\/td>\n<td><a title=\"La cath\u00e9drale Maria Reina\" href=\"http:\/\/www.darloup.com\/blog\/pix\/pix3.jpg\" rel=\"lightbox\"><img loading=\"lazy\" decoding=\"async\" title=\"(cliquer pour agrandir)\" src=\"http:\/\/www.darloup.com\/blog\/pix\/pix3.jpg\" alt=\"\" width=\"200\" height=\"150\" \/><\/a><center><strong>La cath\u00e9drale Maria Reina<\/strong><\/center><\/td>\n<\/tr>\n<tr>\n<td><a title=\"Ah, ces merveilleux \u00e9ventaires - on y trouve de tout !\" href=\"http:\/\/www.darloup.com\/blog\/pix\/pix4.jpg\" rel=\"lightbox\"><img loading=\"lazy\" decoding=\"async\" title=\"(cliquer pour agrandir)\" src=\"http:\/\/www.darloup.com\/blog\/pix\/pix4.jpg\" alt=\"\" width=\"200\" height=\"145\" \/><\/a><center><strong>Eventaires, toujours des \u00e9ventaires<\/strong><\/center><\/td>\n<td><a title=\"Coucher de soleil sur Barranquilla - oui, chaque jour le ciel est comme \u00e7a...\" href=\"http:\/\/www.darloup.com\/blog\/pix\/pix5.jpg\" rel=\"lightbox\"><img loading=\"lazy\" decoding=\"async\" title=\"(cliquer pour agrandir)\" src=\"http:\/\/www.darloup.com\/blog\/pix\/pix5.jpg\" alt=\"\" width=\"200\" height=\"150\" \/><\/a><center><strong>Coucher de soleil sur Barranquilla<\/strong><\/center><\/td>\n<td><a title=\"J'adore ces bus... 1900 pesos et vous traversez la ville en trombe !\" href=\"http:\/\/www.darloup.com\/blog\/pix\/pix6.jpg\" rel=\"lightbox\"><img loading=\"lazy\" decoding=\"async\" title=\"(cliquer pour agrandir)\" src=\"http:\/\/www.darloup.com\/blog\/pix\/pix6.jpg\" alt=\"\" width=\"200\" height=\"150\" \/><\/a><center><strong>Le fameux bus barranquillero<\/strong><\/center><\/td>\n<\/tr>\n<tr>\n<td><a title=\"Une avenue typique\" href=\"http:\/\/www.darloup.com\/blog\/pix\/pix7.jpg\" rel=\"lightbox\"><img loading=\"lazy\" decoding=\"async\" title=\"(cliquer pour agrandir)\" src=\"http:\/\/www.darloup.com\/blog\/pix\/pix7.jpg\" alt=\"\" width=\"200\" height=\"155\" \/><\/a><center><strong>Une avenue typique<\/strong><\/center><\/td>\n<td><a title=\"Clair de lune sur Barranquilla\" href=\"http:\/\/www.darloup.com\/blog\/pix\/pix8.jpg\" rel=\"lightbox\"><img loading=\"lazy\" decoding=\"async\" title=\"(cliquer pour agrandir)\" src=\"http:\/\/www.darloup.com\/blog\/pix\/pix8.jpg\" alt=\"\" width=\"200\" height=\"131\" \/><\/a><center><strong>Clair de lune sur Barranquilla<\/strong><\/center><\/td>\n<td><a title=\"Rue tranquille - ce sont des manguiers au premier plan\" href=\"http:\/\/www.darloup.com\/blog\/pix\/pix9.jpg\" rel=\"lightbox\"><img loading=\"lazy\" decoding=\"async\" title=\"(cliquer pour agrandir)\" src=\"http:\/\/www.darloup.com\/blog\/pix\/pix9.jpg\" alt=\"\" width=\"200\" height=\"150\" \/><\/a><center><strong>Rue tranquille<\/strong><\/center><\/td>\n<\/tr>\n<tr>\n<td><a title=\"Rue pittoresque\" href=\"http:\/\/www.darloup.com\/blog\/pix\/pix10.jpg\" rel=\"lightbox\"><img loading=\"lazy\" decoding=\"async\" title=\"(cliquer pour agrandir)\" src=\"http:\/\/www.darloup.com\/blog\/pix\/pix10.jpg\" alt=\"\" width=\"200\" height=\"141\" \/><\/a><center><strong>Rue pittoresque<\/strong><\/center><\/td>\n<td><a title=\"Un restaurant au bord de la lagune\" href=\"http:\/\/www.darloup.com\/blog\/pix\/pix11.jpg\" rel=\"lightbox\"><img loading=\"lazy\" decoding=\"async\" title=\"(cliquer pour agrandir)\" src=\"http:\/\/www.darloup.com\/blog\/pix\/pix11.jpg\" alt=\"\" width=\"200\" height=\"150\" \/><\/a><center><strong>Un restaurant au bord de la lagune<\/strong><\/center><\/td>\n<td><a title=\"Vue de Barranquilla - le fleuve Magdelena est au fond\" href=\"http:\/\/www.darloup.com\/blog\/pix\/pix12.jpg\" rel=\"lightbox\"><img loading=\"lazy\" decoding=\"async\" title=\"(cliquer pour agrandir)\" src=\"http:\/\/www.darloup.com\/blog\/pix\/pix12.jpg\" alt=\"\" width=\"200\" height=\"150\" \/><\/a><center><strong>Vue de Barranquilla<\/strong><\/center><\/td>\n<\/tr>\n<tr>\n<td><a title=\"Vue a\u00e9rienne de Barranquilla\" href=\"http:\/\/www.darloup.com\/blog\/pix\/pix19.jpg\" rel=\"lightbox\"><img loading=\"lazy\" decoding=\"async\" title=\"(cliquer pour agrandir)\" src=\"http:\/\/www.darloup.com\/blog\/pix\/pix19.jpg\" alt=\"\" width=\"200\" height=\"150\" \/><\/a><center><strong>Vue a\u00e9rienne de Barranquilla<\/strong><\/center><\/td>\n<td><a title=\"D\u00e9monstration de danses dans les rues de Barranquilla\" href=\"http:\/\/www.darloup.com\/blog\/pix\/pix20.jpg\" rel=\"lightbox\"><img loading=\"lazy\" decoding=\"async\" title=\"(cliquer pour agrandir)\" src=\"http:\/\/www.darloup.com\/blog\/pix\/pix20.jpg\" alt=\"\" width=\"200\" height=\"150\" \/><\/a><center><strong>Danseurs dans les rues de Barranquilla<\/strong><\/center><\/td>\n<td><a title=\"De maginifiques acacias dans une rue r\u00e9sidentielle\" href=\"http:\/\/www.darloup.com\/blog\/pix\/pix32.jpg\" rel=\"lightbox\"><img loading=\"lazy\" decoding=\"async\" title=\"(cliquer pour agrandir)\" src=\"http:\/\/www.darloup.com\/blog\/pix\/pix32.jpg\" alt=\"\" width=\"200\" height=\"150\" \/><\/a><center><strong>De magnifiques acacias<\/strong><\/center><\/td>\n<\/tr>\n<\/tbody>\n<\/table>\n<p>&nbsp;<\/p>\n<div><\/div>\n<p>&nbsp;<\/p>\n","protected":false},"excerpt":{"rendered":"<p>Capitale de l\u2019\u00e9tat de l\u2019Atl\u00e1ntico, Barranquilla est la quatri\u00e8me ville de Colombie (plus de 2 millions d\u2019habitants) apr\u00e8s Bogot\u00e1, Medell\u00edn et Cali. C\u2019est une ville dont vous ne tomberez pas imm\u00e9diatement amoureux&nbsp;: Grande m\u00e9tropole industrielle (avec un port maritime tr\u00e8s actif, une zone franche et de nombreuses usines), son infrastructure laisse franchement \u00e0 d\u00e9sirer (pas &hellip; <a href=\"https:\/\/www.darloup.com\/blog\/la-colombie\/barranquilla-vues-densemble\/\" class=\"more-link\">Continuer la lecture<span class=\"screen-reader-text\"> de &laquo;&nbsp;Barranquilla&nbsp;&raquo;<\/span><\/a><\/p>\n","protected":false},"author":1,"featured_media":0,"parent":22,"menu_order":3200,"comment_status":"open","ping_status":"open","template":"","meta":{"_monsterinsights_skip_tracking":false,"_monsterinsights_sitenote_active":false,"_monsterinsights_sitenote_note":"","_monsterinsights_sitenote_category":0,"footnotes":""},"class_list":["post-145","page","type-page","status-publish","hentry"],"aioseo_notices":[],"jetpack_shortlink":"https:\/\/wp.me\/Pj2vv-2l","jetpack_likes_enabled":true,"jetpack_sharing_enabled":true,"_links":{"self":[{"href":"https:\/\/www.darloup.com\/blog\/wp-json\/wp\/v2\/pages\/145","targetHints":{"allow":["GET"]}}],"collection":[{"href":"https:\/\/www.darloup.com\/blog\/wp-json\/wp\/v2\/pages"}],"about":[{"href":"https:\/\/www.darloup.com\/blog\/wp-json\/wp\/v2\/types\/page"}],"author":[{"embeddable":true,"href":"https:\/\/www.darloup.com\/blog\/wp-json\/wp\/v2\/users\/1"}],"replies":[{"embeddable":true,"href":"https:\/\/www.darloup.com\/blog\/wp-json\/wp\/v2\/comments?post=145"}],"version-history":[{"count":137,"href":"https:\/\/www.darloup.com\/blog\/wp-json\/wp\/v2\/pages\/145\/revisions"}],"predecessor-version":[{"id":3919,"href":"https:\/\/www.darloup.com\/blog\/wp-json\/wp\/v2\/pages\/145\/revisions\/3919"}],"up":[{"embeddable":true,"href":"https:\/\/www.darloup.com\/blog\/wp-json\/wp\/v2\/pages\/22"}],"wp:attachment":[{"href":"https:\/\/www.darloup.com\/blog\/wp-json\/wp\/v2\/media?parent=145"}],"curies":[{"name":"wp","href":"https:\/\/api.w.org\/{rel}","templated":true}]}}