{"id":1565,"date":"2009-02-23T19:20:40","date_gmt":"2009-02-23T18:20:40","guid":{"rendered":"http:\/\/www.darloup.com\/blog\/?page_id=1565"},"modified":"2012-08-23T16:55:21","modified_gmt":"2012-08-23T21:55:21","slug":"dates-et-programme","status":"publish","type":"page","link":"https:\/\/www.darloup.com\/blog\/la-colombie\/barranquilla-vues-densemble\/le-carnaval\/dates-et-programme\/","title":{"rendered":"Histoire"},"content":{"rendered":"<table cellspacing=\"10\" align=\"center\">\n<tbody>\n<tr>\n<td><img loading=\"lazy\" decoding=\"async\" src=\"http:\/\/www.darloup.com\/blog\/pix\/flag.jpg\" alt=\"Drapeau de la Colombie\" width=\"121\" height=\"81\" align=\"middle\" border=\"0\" \/><\/td>\n<td><img loading=\"lazy\" decoding=\"async\" src=\"http:\/\/www.darloup.com\/blog\/pix\/flagatl.jpg\" alt=\"Drapeau de l'Atl\u00e1ntico\" width=\"121\" height=\"73\" border=\"0\" \/><\/td>\n<td><img loading=\"lazy\" decoding=\"async\" src=\"http:\/\/www.darloup.com\/blog\/pix\/flagbar.jpg\" alt=\"Drapeau de Barranquilla\" width=\"121\" height=\"73\" border=\"0\" \/><\/td>\n<\/tr>\n<\/tbody>\n<\/table>\n<div>&nbsp;<\/div>\n<div>&nbsp;<\/div>\n<div>Voici deux vid\u00e9o tr\u00e8s informatives sur l&rsquo;histoire et les origines du carnaval de Barranquilla (en espagnol) :<\/div>\n<div>&nbsp;<\/div>\n<p><iframe loading=\"lazy\" width=\"560\" height=\"315\" src=\"http:\/\/www.youtube.com\/embed\/videoseries?index=2&amp;list=UU5Y52pEOAdjgaa_9Eknxy_A&amp;hl=en_GB\" frameborder=\"0\" allowfullscreen><\/iframe><\/p>\n<p>&nbsp;<\/p>\n<p><iframe loading=\"lazy\" width=\"560\" height=\"315\" src=\"http:\/\/www.youtube.com\/embed\/videoseries?index=3&amp;list=UU5Y52pEOAdjgaa_9Eknxy_A&amp;hl=en_GB\" frameborder=\"0\" allowfullscreen><\/iframe><\/p>\n<div><span class=\"styleb\"><span style=\"text-decoration: underline;\">Histoire du carnaval<\/span><\/span><\/div>\n<div>&nbsp;<\/div>\n<div>Une des figures embl\u00e9matiques et indispensables du carnaval est Joselito (\u00ab\u00a0le roi Momo\u00a0\u00bb &#8211; \u00ab\u00a0<span style=\"color: #ff0000;\">el rey momo<\/span>\u00ab\u00a0). Selon la l\u00e9gende, Joselito dansa et fit l&rsquo;amour sans s&rsquo;arr\u00eater durant quatre jours &#8211; il mourut d&rsquo;ailleurs le quatri\u00e8me jour ! Joselito ressuscite traditionnellement le samedi (premier jour du carnaval) et est officiellement enterr\u00e9 le mardi (dernier jour du carnaval).<\/div>\n<p>&nbsp;<\/p>\n<p style=\"text-align: center;\"><span style=\"color: #ff0000;\"><strong>(page toujours en construction)<\/strong><\/span><\/p>\n","protected":false},"excerpt":{"rendered":"<p>&nbsp; &nbsp; Voici deux vid\u00e9o tr\u00e8s informatives sur l&rsquo;histoire et les origines du carnaval de Barranquilla (en espagnol) : &nbsp; &nbsp; Histoire du carnaval &nbsp; Une des figures embl\u00e9matiques et indispensables du carnaval est Joselito (\u00ab\u00a0le roi Momo\u00a0\u00bb &#8211; \u00ab\u00a0el rey momo\u00ab\u00a0). Selon la l\u00e9gende, Joselito dansa et fit l&rsquo;amour sans s&rsquo;arr\u00eater durant quatre jours &hellip; <a href=\"https:\/\/www.darloup.com\/blog\/la-colombie\/barranquilla-vues-densemble\/le-carnaval\/dates-et-programme\/\" class=\"more-link\">Continuer la lecture<span class=\"screen-reader-text\"> de &laquo;&nbsp;Histoire&nbsp;&raquo;<\/span><\/a><\/p>\n","protected":false},"author":1,"featured_media":0,"parent":1436,"menu_order":5050,"comment_status":"open","ping_status":"open","template":"","meta":{"_monsterinsights_skip_tracking":false,"_monsterinsights_sitenote_active":false,"_monsterinsights_sitenote_note":"","_monsterinsights_sitenote_category":0,"footnotes":""},"class_list":["post-1565","page","type-page","status-publish","hentry"],"aioseo_notices":[],"jetpack_shortlink":"https:\/\/wp.me\/Pj2vv-pf","jetpack_likes_enabled":true,"jetpack_sharing_enabled":true,"_links":{"self":[{"href":"https:\/\/www.darloup.com\/blog\/wp-json\/wp\/v2\/pages\/1565","targetHints":{"allow":["GET"]}}],"collection":[{"href":"https:\/\/www.darloup.com\/blog\/wp-json\/wp\/v2\/pages"}],"about":[{"href":"https:\/\/www.darloup.com\/blog\/wp-json\/wp\/v2\/types\/page"}],"author":[{"embeddable":true,"href":"https:\/\/www.darloup.com\/blog\/wp-json\/wp\/v2\/users\/1"}],"replies":[{"embeddable":true,"href":"https:\/\/www.darloup.com\/blog\/wp-json\/wp\/v2\/comments?post=1565"}],"version-history":[{"count":20,"href":"https:\/\/www.darloup.com\/blog\/wp-json\/wp\/v2\/pages\/1565\/revisions"}],"predecessor-version":[{"id":2488,"href":"https:\/\/www.darloup.com\/blog\/wp-json\/wp\/v2\/pages\/1565\/revisions\/2488"}],"up":[{"embeddable":true,"href":"https:\/\/www.darloup.com\/blog\/wp-json\/wp\/v2\/pages\/1436"}],"wp:attachment":[{"href":"https:\/\/www.darloup.com\/blog\/wp-json\/wp\/v2\/media?parent=1565"}],"curies":[{"name":"wp","href":"https:\/\/api.w.org\/{rel}","templated":true}]}}