{"id":1824,"date":"2009-05-23T04:48:54","date_gmt":"2009-05-23T02:48:54","guid":{"rendered":"http:\/\/www.darloup.com\/blog\/?page_id=1824"},"modified":"2021-03-17T02:05:34","modified_gmt":"2021-03-17T07:05:34","slug":"les-recettes-de-cuisine-2","status":"publish","type":"page","link":"https:\/\/www.darloup.com\/blog\/la-colombie\/les-costenos\/gastronomie\/les-recettes-de-cuisine-2\/","title":{"rendered":"Les recettes de cuisine coste\u00f1a (2)"},"content":{"rendered":"<table cellspacing=\"10\" align=\"center\">\n<tbody>\n<tr>\n<td><img loading=\"lazy\" decoding=\"async\" src=\"http:\/\/www.darloup.com\/blog\/pix\/flag.jpg\" alt=\"Drapeau de la Colombie\" width=\"121\" height=\"81\" align=\"middle\" border=\"0\" \/><\/td>\n<td><img loading=\"lazy\" decoding=\"async\" src=\"http:\/\/www.darloup.com\/blog\/pix\/flagatl.jpg\" alt=\"Drapeau de l'Atl\u00e1ntico\" width=\"121\" height=\"73\" border=\"0\" \/><\/td>\n<td><img loading=\"lazy\" decoding=\"async\" src=\"http:\/\/www.darloup.com\/blog\/pix\/flagbar.jpg\" alt=\"Drapeau de Barranquilla\" width=\"121\" height=\"73\" border=\"0\" \/><\/td>\n<\/tr>\n<\/tbody>\n<\/table>\n<div>\u00a0<\/div>\n<div>\u00a0<\/div>\n<div>\u00a0<\/div>\n<div><span class=\"styleb\">Les recettes de cuisine <\/span><span style=\"color: #ff0000;\"><strong><span class=\"styleb\">coste\u00f1a<\/span><\/strong><\/span><br \/>\n\u00a0<\/div>\n<div>A l&rsquo;instar de la France, la Colombie poss\u00e8de une gastronomie \u00e9tonnante, et souvent m\u00e9connue, dont la diversit\u00e9 est bas\u00e9e sur les r\u00e9gions, les climats, les traditions et surtout sur les produits locaux.<\/div>\n<div>\u00a0<\/div>\n<div>La c\u00f4te carib\u00e9enne (<span style=\"color: #ff0000;\"><strong>La Costa<\/strong><\/span>) poss\u00e8de naturellement sa propre gastronomie bas\u00e9e principalement sur les produits de la mer et l&rsquo;abondance de fruits et l\u00e9gumes dans cette r\u00e9gion chaude et humide \u2013 sans oublier les omnipr\u00e9sentes soupes (en d\u00e9pit du climat de La C\u00f4te) !<\/div>\n<div>\u00a0<\/div>\n<div>Explorons donc ensemble les diff\u00e9rentes recettes de cuisine de la gastronomie <span style=\"color: #ff0000;\"><strong>coste\u00f1a<\/strong><\/span> !<\/div>\n<div>\u00a0<\/div>\n<div><u><strong>Note<\/strong><\/u> : <a href=\"mailto:darloup@darloup.com?subject=Recette de cuisine\">Contactez-moi<\/a> pour partager vos recettes pr\u00e9f\u00e9r\u00e9es de la gastronomie <span style=\"color: #ff0000;\"><strong>coste\u00f1a<\/strong><\/span>, que ce soit un plat typique de La C\u00f4te ou bien m\u00eame une recette de jus de fruit. Je me ferai un plaisir de la publier dans cette section.<\/div>\n<div>\u00a0<\/div>\n<div><span class=\"stylec\">2) Sancocho coste\u00f1o de pescado<\/span> <strong>(R\u00e2gout de poissons)<\/strong><\/div>\n<div>\u00a0<\/div>\n<div>A mi-chemin entre un rago\u00fbt et une soupe, le <span style=\"color: #ff0000;\"><strong>sancocho<\/strong><\/span> est un plat tr\u00e8s populaire en Colombie. Il peut \u00eatre pr\u00e9par\u00e9 avec n\u2019importe quel type de viandes rouges, du poulet ou bien des poissons.<\/div>\n<div>\u00a0<\/div>\n<div>Cette recette provient de Santo Tomas, une petite ville au sud de Barranquilla. Ce <span style=\"color: #ff0000;\"><strong>sancocho<\/strong><\/span> est donc \u00e9labor\u00e9 avec des <span style=\"color: #ff0000;\"><strong>bocachicos<\/strong><\/span>, des poissons d\u2019eau douce que l\u2019on trouve dans le fleuve Magdalena.<\/div>\n<div>\u00a0<\/div>\n<table cellspacing=\"10\" align=\"center\">\n<tbody>\n<tr>\n<td valign=\"middle\"><a title=\"Sancocho de pescado\" href=\"http:\/\/www.darloup.com\/blog\/pix\/sancocho.jpg\" rel=\"lightbox\"><img loading=\"lazy\" decoding=\"async\" title=\"(cliquer pour agrandir)\" src=\"http:\/\/www.darloup.com\/blog\/pix\/sancocho.jpg\" alt=\"\" width=\"200\" height=\"150\" align=\"center\" border=\"0\" \/><\/a><center>Sancocho de pescado<\/center><\/td>\n<td valign=\"bottom\"><a title=\"Bocachicos\" href=\"http:\/\/www.darloup.com\/blog\/pix\/bocachicos.jpg\" rel=\"lightbox\"><img loading=\"lazy\" decoding=\"async\" title=\"(cliquer pour agrandir)\" src=\"http:\/\/www.darloup.com\/blog\/pix\/bocachicos.jpg\" alt=\"\" width=\"200\" height=\"137\" align=\"center\" border=\"0\" \/><\/a><center>Bocachicos<\/center><\/td>\n<\/tr>\n<\/tbody>\n<\/table>\n<div>\u00a0<\/div>\n<div><strong><u>Recette fournie par<\/u> : Carla<\/strong><\/div>\n<div>\u00a0<\/div>\n<div><strong><u>Ingr\u00e9dients<\/u> : (pour 3 personnes)<\/strong><\/div>\n<div>\u00a0<\/div>\n<div>&#8211; 3 x bocachicos de taille moyennes (lav\u00e9s, \u00e9caill\u00e9s et vid\u00e9s)<\/div>\n<div>&#8211; 3 x gousses d&rsquo;ail<\/div>\n<div>&#8211; 500 grammes d&rsquo;igname (coup\u00e9 en grands morceaux)<\/div>\n<div>&#8211; 500 grammes de yucca<\/div>\n<div>&#8211; Une banane plantain<\/div>\n<div>&#8211; Un demi litre de\u00a0lait de coco<\/div>\n<div>&#8211; 1 x oignon rouge<\/div>\n<div>&#8211; 1 x grosse tomate<\/div>\n<div>&#8211; 1 x poign\u00e9e de coriandre fraiche<\/div>\n<div>&#8211; 1 x branche de c\u00e9leri<\/div>\n<div>&#8211; 1 x ciboule<\/div>\n<div>&#8211; Huile de cuisson (tournesol)<\/div>\n<div>&#8211; 2 litres et demi d&rsquo;eau<\/div>\n<div>&#8211; Sel &amp; poivre<\/div>\n<div>\u00a0\u00a0<\/div>\n<div>Il vous sera difficile de r\u00e9aliser cette recette sans avoir acc\u00e8s \u00e0 une \u00e9picerie colombienne en mesure de vous fournir les ingr\u00e9dients d&rsquo;origine.<\/div>\n<div>Les \u00ab\u00a0bocachicos\u00a0\u00bb peuvent \u00eatre remplac\u00e9s par n&rsquo;importe quel autre poisson \u00e0 chair ferme (daurade, loup, truite, etc&#8230;). Ce plat \u00e9tant bas\u00e9 sur des poissons de rivi\u00e8re, la truite a donc ma pr\u00e9f\u00e9rence&#8230;<\/div>\n<div>\u00a0<\/div>\n<div>Cette recette se d\u00e9roule en quatre \u00e9tapes :<\/div>\n<div>\u00a0<\/div>\n<div><u><strong>Etape N\u00b0 1<\/strong><\/u><strong> :<\/strong><\/div>\n<div>\u00a0<\/div>\n<div>Dans un mortier, pilez deux gousses d&rsquo;ail.<\/div>\n<div>Mettez environ 200 ml d&rsquo;huile de tournesol dans une po\u00eale et ajoutez-y l&rsquo;ail pil\u00e9. Faites chauffer l&rsquo;huile \u00e0 feu moyen. Lorsque l&rsquo;huile est chaude, faites frire les trois bocachicos pendant environ 10 minutes \u00e0 feu moyen. R\u00e9servez les poissons sur du papier absorbant pour enlever l&rsquo;exc\u00e9dent d&rsquo;huile.<\/div>\n<div>\u00a0<\/div>\n<div><u><strong>Etape N\u00b0 2<\/strong><\/u><strong> :<\/strong><\/div>\n<div>\n<p>&nbsp;<\/p>\n<div>Dans un fait-tout (<u><strong>sans utiliser de couvercle<\/strong><\/u>), portez \u00e0 \u00e9bullition\u00a02 litres et demi d\u2019eau. Lorsque l\u2019eau bout, r\u00e9duisez le feu (r\u00e9glage moyen) et jetez dans l\u2019eau bouillante l&rsquo;igname\u00a0(coup\u00e9 en gros morceaux) et la banane plantain (coup\u00e9e en grosses rondelles). Faite cuire pendant 20-25 minutes jusqu\u2019\u00e0 ce que l&rsquo;igname s\u2019\u00e9miette dans l\u2019eau (les morceaux de\u00a0banane plantain seront alors\u00a0ramollis).<\/div>\n<div>Rajoutez alors le yucca (coup\u00e9 en gros morceaux) et laissez cuire pendant 5-10 minutes suppl\u00e9mentaires.<\/div>\n<div>\u00a0<\/div>\n<div><u><strong>ASTUCE<\/strong><\/u><strong>:\u00a0<\/strong>\u00a0Ne <u><strong>jamais<\/strong><\/u> couper la banane plantain avec un couteau en m\u00e9tal. Ceci alt\u00e8rerait son go\u00fbt\u00a0 &#8211; (merci \u00e0 mon amie Maryut pour ce tuyau).<\/div>\n<div>\u00a0<\/div>\n<div>Rajoutez-y\u00a0les bocachicos r\u00e9serv\u00e9s,\u00a0r\u00e9duisez le feu \u00e0 feu lent, et passez ensuite\u00a0\u00e0 l&rsquo;\u00e9tape 3.<\/div>\n<div>\u00a0<\/div>\n<div><strong><u>Etape N\u00b0 3<\/u> :<\/strong><\/div>\n<div>\u00a0<\/div>\n<div>Faites chauffer\u00a0\u00e0 feu moyen 45 cl (3 cuill\u00e8res \u00e0 soupe) d&rsquo;huile de tournesol dans une po\u00eale \u00e0 part. Lorsque l&rsquo;huile est chaude, ajoutez :<\/div>\n<div>\u00a0<\/div>\n<div>&#8211; l&rsquo;oignon rouge (cisel\u00e9)<\/div>\n<div>&#8211; la grosse tomate\u00a0(coup\u00e9e en d\u00e9s)<\/div>\n<div>&#8211;\u00a0la coriandre (hach\u00e9e grossi\u00e8rement)<\/div>\n<div>&#8211;\u00a0la derni\u00e8re gousse d&rsquo;ail (pil\u00e9e)<\/div>\n<div>&#8211;\u00a0la branche de c\u00e9leri (hach\u00e9e grossi\u00e8rement)<\/div>\n<div>&#8211; la ciboule (cisel\u00e9e)\u00a0<\/div>\n<div>\u00a0<\/div>\n<div>Faites revenir \u00e0 feu <u><strong>lent<\/strong><\/u><strong>\u00a0<\/strong>pendant 5 minutes.<br \/>\n\u00a0\u00a0\u00a0<\/div>\n<\/div>\n<div><strong><u>Etape N\u00b0 4<\/u> :<\/strong><\/div>\n<div>\u00a0<\/div>\n<div>Versez le contenu de cette po\u00eale dans le fait-tout (o\u00f9 sont les tubercules et les bocachicos), puis\u00a0ajoutez-y le\u00a0lait de coco.<\/div>\n<div>Rajoutez un peu d&rsquo;eau chaude si n\u00e9cessaire : Id\u00e9alement, vous devriez avoir un peu plus d&rsquo;un litre de liquide.<\/div>\n<div>\u00a0<\/div>\n<div>Faites mijoter le tout \u00e0 feu lent\/moyen \u00a0pendant 10 minutes suppl\u00e9mentaires.<\/div>\n<div>\u00a0<\/div>\n<div>Servez !<\/div>\n","protected":false},"excerpt":{"rendered":"<p>\u00a0 \u00a0 \u00a0 Les recettes de cuisine coste\u00f1a \u00a0 A l&rsquo;instar de la France, la Colombie poss\u00e8de une gastronomie \u00e9tonnante, et souvent m\u00e9connue, dont la diversit\u00e9 est bas\u00e9e sur les r\u00e9gions, les climats, les traditions et surtout sur les produits locaux. \u00a0 La c\u00f4te carib\u00e9enne (La Costa) poss\u00e8de naturellement sa propre gastronomie bas\u00e9e principalement sur &hellip; <a href=\"https:\/\/www.darloup.com\/blog\/la-colombie\/les-costenos\/gastronomie\/les-recettes-de-cuisine-2\/\" class=\"more-link\">Continuer la lecture<span class=\"screen-reader-text\"> de &laquo;&nbsp;Les recettes de cuisine coste\u00f1a (2)&nbsp;&raquo;<\/span><\/a><\/p>\n","protected":false},"author":1,"featured_media":0,"parent":872,"menu_order":1501,"comment_status":"open","ping_status":"open","template":"","meta":{"_monsterinsights_skip_tracking":false,"_monsterinsights_sitenote_active":false,"_monsterinsights_sitenote_note":"","_monsterinsights_sitenote_category":0,"footnotes":""},"class_list":["post-1824","page","type-page","status-publish","hentry"],"aioseo_notices":[],"jetpack_shortlink":"https:\/\/wp.me\/Pj2vv-tq","jetpack_likes_enabled":true,"jetpack_sharing_enabled":true,"_links":{"self":[{"href":"https:\/\/www.darloup.com\/blog\/wp-json\/wp\/v2\/pages\/1824","targetHints":{"allow":["GET"]}}],"collection":[{"href":"https:\/\/www.darloup.com\/blog\/wp-json\/wp\/v2\/pages"}],"about":[{"href":"https:\/\/www.darloup.com\/blog\/wp-json\/wp\/v2\/types\/page"}],"author":[{"embeddable":true,"href":"https:\/\/www.darloup.com\/blog\/wp-json\/wp\/v2\/users\/1"}],"replies":[{"embeddable":true,"href":"https:\/\/www.darloup.com\/blog\/wp-json\/wp\/v2\/comments?post=1824"}],"version-history":[{"count":42,"href":"https:\/\/www.darloup.com\/blog\/wp-json\/wp\/v2\/pages\/1824\/revisions"}],"predecessor-version":[{"id":4838,"href":"https:\/\/www.darloup.com\/blog\/wp-json\/wp\/v2\/pages\/1824\/revisions\/4838"}],"up":[{"embeddable":true,"href":"https:\/\/www.darloup.com\/blog\/wp-json\/wp\/v2\/pages\/872"}],"wp:attachment":[{"href":"https:\/\/www.darloup.com\/blog\/wp-json\/wp\/v2\/media?parent=1824"}],"curies":[{"name":"wp","href":"https:\/\/api.w.org\/{rel}","templated":true}]}}