{"id":234,"date":"2008-08-31T18:32:55","date_gmt":"2008-08-31T16:32:55","guid":{"rendered":"http:\/\/www.darloup.com\/blog\/?page_id=234"},"modified":"2016-05-17T02:43:24","modified_gmt":"2016-05-17T07:43:24","slug":"les-costenos-musique","status":"publish","type":"page","link":"https:\/\/www.darloup.com\/blog\/la-colombie\/les-costenos\/les-costenos-musique\/","title":{"rendered":"Musique"},"content":{"rendered":"<table cellspacing=\"10\" align=\"center\">\n<tbody>\n<tr>\n<td><img loading=\"lazy\" decoding=\"async\" src=\"http:\/\/www.darloup.com\/blog\/pix\/flag.jpg\" alt=\"Drapeau de la Colombie\" width=\"121\" height=\"81\" align=\"middle\" border=\"0\" \/><\/td>\n<td><img loading=\"lazy\" decoding=\"async\" src=\"http:\/\/www.darloup.com\/blog\/pix\/flagatl.jpg\" alt=\"Drapeau de l'Atl\u00e1ntico\" width=\"121\" height=\"73\" border=\"0\" \/><\/td>\n<td><img loading=\"lazy\" decoding=\"async\" src=\"http:\/\/www.darloup.com\/blog\/pix\/flagbar.jpg\" alt=\"Drapeau de Barranquilla\" width=\"121\" height=\"73\" border=\"0\" \/><\/td>\n<\/tr>\n<\/tbody>\n<\/table>\n<div><\/div>\n<div><\/div>\n<div><\/div>\n<p><span style=\"color: #ff0000;\"><strong>Vous trouverez \u00e9galement de <u>tr\u00e8s<\/u> nombreux exemples de musique colombienne (coste\u00f1a ou non) sur les pages&nbsp;de mon site Web &nbsp;<\/strong><\/span><a href=\"http:\/\/www.darloup.com\/musique\/\" target=\"_blank\">\u00ab\u00a0La musique de Colombie que j&rsquo;aime\u00a0\u00bb<\/a>.<\/p>\n<p>La musique fait partie de la vie quotidienne des coste\u00f1os. Pour comprendre leur culture, pour <span style=\"text-decoration: underline;\">les<\/span> comprendre, il est essentiel de r\u00e9aliser qu&rsquo;ils vivent au rythme de la musique et que cette derni\u00e8re fait partie int\u00e9grante de leur personnalit\u00e9. Je vous d\u00e9fie de rencontrer un coste\u00f1o qui ne commencera pas \u00e0 se tr\u00e9mousser aux premi\u00e8res notes d&rsquo;une m\u00e9lodie.<\/p>\n<p>D\u00e8s 7 heures du matin, les magasins ouvrent leurs portes et d&rsquo;\u00e9normes baffles sont plac\u00e9s dans les rues.<\/p>\n<p>Commence ainsi une sympathique cacophonie musicale qui durera dans les rues de la ville jusqu&rsquo;au coucher du soleil.<\/p>\n<p>Donc, quelle musique rencontrer, et \u00e9couter, en Colombie&nbsp;?<\/p>\n<p>Barranquilla, c&rsquo;est \u00e9videmment la <strong>cumbia<\/strong>, n\u00e9e ici-m\u00eame au 17<sup>\u00e8me<\/sup> si\u00e8cle sur la c\u00f4te nord de l&rsquo;Atlantique en Colombie. C&rsquo;est une musique &#8211; et&nbsp;\u00e9galement&nbsp;une danse et un rhytme &#8211;&nbsp;\u00e9labor\u00e9s \u00e0 travers trois cultures diff\u00e9rentes : La culture africaine noire (avec l&rsquo;apport des esclaves), la culture indig\u00e8ne des indiens (pr\u00e9sents en Colombie), et la culture des espagnols (qui colonis\u00e8rent la Colombie).<\/p>\n<p><strong>100% coste\u00f1as<\/strong>, voici trois&nbsp;exemples de <strong>cumbias<\/strong> (dont la derni\u00e8re est&nbsp;tr\u00e8s traditionnelle) &#8211; <u>incontournables<\/u> \u00e0 Barranquilla ! :<\/p>\n<p style=\"text-align: center;\"><span class=\"youtube\"><iframe loading=\"lazy\" title=\"YouTube video player\" class=\"youtube-player\" type=\"text\/html\" width=\"425\" height=\"344\" src=\"\/\/www.youtube.com\/embed\/xAe7V9Csd84?wmode=transparent&amp;fs=1&amp;hl=en&amp;modestbranding=1&amp;iv_load_policy=3&amp;showsearch=0&amp;rel=1&amp;theme=dark\" frameborder=\"0\" allowfullscreen><\/iframe><\/span><\/p>\n<p style=\"text-align: center;\"><span class=\"youtube\"><iframe loading=\"lazy\" title=\"YouTube video player\" class=\"youtube-player\" type=\"text\/html\" width=\"425\" height=\"344\" src=\"\/\/www.youtube.com\/embed\/sc7xhOzATJ4?wmode=transparent&amp;fs=1&amp;hl=en&amp;modestbranding=1&amp;iv_load_policy=3&amp;showsearch=0&amp;rel=1&amp;theme=dark\" frameborder=\"0\" allowfullscreen><\/iframe><\/span><\/p>\n<p style=\"text-align: center;\"><span class=\"youtube\"><iframe loading=\"lazy\" title=\"YouTube video player\" class=\"youtube-player\" type=\"text\/html\" width=\"425\" height=\"344\" src=\"\/\/www.youtube.com\/embed\/YdlXwpyDgg0?wmode=transparent&amp;fs=1&amp;hl=en&amp;modestbranding=1&amp;iv_load_policy=3&amp;showsearch=0&amp;rel=1&amp;theme=dark\" frameborder=\"0\" allowfullscreen><\/iframe><\/span><\/p>\n<p>&nbsp;<\/p>\n<p>Le <strong>vallenato<\/strong> est \u00e9galement un genre musical <strong>100% Colombien<\/strong>. A l&rsquo;instar de la <strong>cumbia<\/strong>, il r\u00e9sulte du m\u00e9tissage entre les cultures africaines, espagnoles et indig\u00e8nes. Si la <strong>cumbia<\/strong> est la musique coste\u00f1a par excellence, alors le <strong>vallenato<\/strong> est la musique colombienne par excellence. Il se rapproche un peu de la musette fran\u00e7aise. L&rsquo;accord\u00e9on figure presque toujours dans les chansons.<\/p>\n<p>Voici deux exemples de <strong>vallenatos <\/strong>:<\/p>\n<p style=\"text-align: center;\"><span class=\"youtube\"><iframe loading=\"lazy\" title=\"YouTube video player\" class=\"youtube-player\" type=\"text\/html\" width=\"425\" height=\"344\" src=\"\/\/www.youtube.com\/embed\/vJ-pU2CUMcc?wmode=transparent&amp;fs=1&amp;hl=en&amp;modestbranding=1&amp;iv_load_policy=3&amp;showsearch=0&amp;rel=1&amp;theme=dark\" frameborder=\"0\" allowfullscreen><\/iframe><\/span><\/p>\n<p style=\"text-align: center;\"><span class=\"youtube\"><iframe loading=\"lazy\" title=\"YouTube video player\" class=\"youtube-player\" type=\"text\/html\" width=\"425\" height=\"344\" src=\"\/\/www.youtube.com\/embed\/Ck7A_uqdVhI?wmode=transparent&amp;fs=1&amp;hl=en&amp;modestbranding=1&amp;iv_load_policy=3&amp;showsearch=0&amp;rel=1&amp;theme=dark\" frameborder=\"0\" allowfullscreen><\/iframe><\/span><\/p>\n<p>&nbsp;<\/p>\n<p>Barranquilla, ce sont \u00e9galement&nbsp;les Cara\u00efbes. La musique des \u00eeles. <strong>Le reggae<\/strong>.<\/p>\n<p><strong>Kafu Banton<\/strong>, panam\u00e9en, est tr\u00e8s populaire.<\/p>\n<p>\u00ab&nbsp;Ella&nbsp;\u00bb est son dernier tube qui passait r\u00e9cemment en boucle sur les ondes de Barranquilla.<\/p>\n<p><a href=\"bits\/lyrics\/ella.htm\" target=\"_blank\">Paroles de \u00ab Ella \u00bb<\/a><\/p>\n<p>Ecouter la chanson \u00ab Ella \u00bb : <a href=\"http:\/\/www.darloup.com\/blog\/audio\/ella.mp3\">\u00ab Ella \u00bb<\/a><\/p>\n<p>Regarder la vid\u00e9o de \u00ab Ella \u00bb :<\/p>\n<p style=\"text-align: center;\"><span class=\"youtube\"><iframe loading=\"lazy\" title=\"YouTube video player\" class=\"youtube-player\" type=\"text\/html\" width=\"425\" height=\"344\" src=\"\/\/www.youtube.com\/embed\/LG8xOujy_Jg?wmode=transparent&amp;fs=1&amp;hl=en&amp;modestbranding=1&amp;iv_load_policy=3&amp;showsearch=0&amp;rel=1&amp;theme=dark\" frameborder=\"0\" allowfullscreen><\/iframe><\/span><\/p>\n<p>&nbsp;<\/p>\n<p>Barranquilla, c&rsquo;est aussi la <strong>salsa<\/strong> &#8211; omnipr\u00e9sente en Colombie.<\/p>\n<p><strong>El Gran Combo<\/strong> est un groupe portoricain tr\u00e8s populaire en Colombie, et qui donne r\u00e9guli\u00e8rement des concerts \u00e0 Barranquilla (vous trouverez \u00e9galement leurs CDs en vente sur tous les trottoirs de Barranquilla &#8211; 5000 pesos (2 euros) chacun).<\/p>\n<p><strong>El Gran Combo<\/strong> se sp\u00e9cialise dans la <strong>salsa<\/strong> et \u00ab Me liber\u00e9 \u00bb est une chanson repr\u00e9sentative de son r\u00e9pertoire.<\/p>\n<p><a href=\"bits\/lyrics\/melibere.htm\" target=\"_blank\">Paroles de \u00ab Me liber\u00e9 \u00bb<\/a><\/p>\n<p>Ecouter la chanson \u00ab Me liber\u00e9 \u00bb : <a href=\"http:\/\/www.darloup.com\/blog\/audio\/melibere.mp3\">\u00ab Me liber\u00e9 \u00bb<\/a><\/p>\n<p>Regarder la vid\u00e9 de \u00ab Me liber\u00e9 \u00bb :<\/p>\n<p style=\"text-align: center;\"><span class=\"youtube\"><iframe loading=\"lazy\" title=\"YouTube video player\" class=\"youtube-player\" type=\"text\/html\" width=\"425\" height=\"344\" src=\"\/\/www.youtube.com\/embed\/cR1_fnlV97E?wmode=transparent&amp;fs=1&amp;hl=en&amp;modestbranding=1&amp;iv_load_policy=3&amp;showsearch=0&amp;rel=1&amp;theme=dark\" frameborder=\"0\" allowfullscreen><\/iframe><\/span><\/p>\n<p>&nbsp;<\/p>\n<p>Et puis il y a bien s\u00fbr une pl\u00e9thore d&rsquo;artistes dits de \u00ab vari\u00e9t\u00e9 \u00bb, colombiens ou non, offrant une incroyable diversit\u00e9 de m\u00e9lodies. En voici quelques exemples :<\/p>\n<p><strong>Roberto Carlos<\/strong> est un interpr\u00e8te br\u00e9silien, mais chantant \u00e9galement en espagnol. Il est tr\u00e8s populaire en Colombie pour la qualit\u00e9 de ses chansons (paroles et musique).<\/p>\n<p><a href=\"bits\/lyrics\/ungato.htm\" target=\"_blank\">Paroles de \u00ab Un gato en la obscuridad \u00bb<\/a><\/p>\n<p>Ecouter la chanson \u00ab Un gato en la obscuridad \u00bb : <a href=\"http:\/\/www.darloup.com\/blog\/audio\/ungato.mp3\">\u00ab Un gato en la obscuridad \u00bb<\/a><\/p>\n<p>Regarder la vid\u00e9o de \u00ab Un gato en la obscuridad \u00bb :<\/p>\n<p style=\"text-align: center;\"><span class=\"youtube\"><iframe loading=\"lazy\" title=\"YouTube video player\" class=\"youtube-player\" type=\"text\/html\" width=\"425\" height=\"344\" src=\"\/\/www.youtube.com\/embed\/klFNMUGSd4c?wmode=transparent&amp;fs=1&amp;hl=en&amp;modestbranding=1&amp;iv_load_policy=3&amp;showsearch=0&amp;rel=1&amp;theme=dark\" frameborder=\"0\" allowfullscreen><\/iframe><\/span><\/p>\n<p>&nbsp;<\/p>\n<p><strong>Tito Nieves<\/strong> est un interpr\u00e8te portoricain se sp\u00e9cialisant dans la salsa. Il est incontournable en Colombie.<\/p>\n<p><a href=\"bits\/lyrics\/masquetuamigo.htm\" target=\"_blank\">Paroles de \u00ab M\u00e1s que tu amigo \u00bb<\/a><\/p>\n<p>Ecouter la chanson \u00ab M\u00e1s que tu amigo \u00bb : <a href=https:\/\/www.youtube.com\/watch?v=DIdqORcIelg\">\u00ab M\u00e1s que tu amigo \u00bb<\/a><\/p>\n<p>Regarder la vid\u00e9o de \u00ab M\u00e1s que tu amigo \u00bb :<\/p>\n<p style=\"text-align: center;\"><a href=\"<span class=\"youtube\"><iframe loading=\"lazy\" title=\"YouTube video player\" class=\"youtube-player\" type=\"text\/html\" width=\"425\" height=\"344\" src=\"\/\/www.youtube.com\/embed\/DIdqORcIelg?wmode=transparent&amp;fs=1&amp;hl=en&amp;modestbranding=1&amp;iv_load_policy=3&amp;showsearch=0&amp;rel=1&amp;theme=dark\">httpv:\/\/www.youtube.com\/watch?v=FLxaOUtFhr4&Prime; frameborder=\u00a0\u00bb0&Prime; allowfullscreen><\/iframe><\/span><\/a><\/p>\n<p>&nbsp;<\/p>\n<p><strong>Alci Acosta<\/strong> est un chanteur colombien (d\u00e9c\u00e9d\u00e9 en 1997). Les radios colombiennes jouent toujours ses chansons.<\/p>\n<p><a href=\"bits\/lyrics\/elultimobeso.htm\" target=\"_blank\">Paroles de \u00ab El ultimo beso \u00bb<\/a><\/p>\n<p>Ecouter la chanson \u00ab El ultimo beso \u00bb : <a href=\"http:\/\/www.darloup.com\/blog\/audio\/elultimobeso.mp3\">\u00ab El ultimo beso \u00bb<\/a><\/p>\n<p>Regarder la vid\u00e9o de \u00ab El ultimo beso \u00bb :<\/p>\n<p style=\"text-align: center;\"><span class=\"youtube\"><iframe loading=\"lazy\" title=\"YouTube video player\" class=\"youtube-player\" type=\"text\/html\" width=\"425\" height=\"344\" src=\"\/\/www.youtube.com\/embed\/zTkbuUX1yUQ?wmode=transparent&amp;fs=1&amp;hl=en&amp;modestbranding=1&amp;iv_load_policy=3&amp;showsearch=0&amp;rel=1&amp;theme=dark\" frameborder=\"0\" allowfullscreen><\/iframe><\/span><\/p>\n<p>&nbsp;<\/p>\n<p>Enfin, un clin d&rsquo;oeil \u00e0 ma merveilleuse Nelly. Elle me chante toujours cette chanson lorsque nous nous allons \u00e0 la plage. Une vielle chanson de <strong>Carlos Argentino<\/strong>, un chanteur argentin (d\u00e9c\u00e9d\u00e9 en 1991). Les paroles (tr\u00e8s faciles \u00e0 comprendre) veulent tout dire \ud83d\ude09<\/p>\n<p><a href=\"bits\/lyrics\/enelmar.htm\" target=\"_blank\">Paroles de \u00ab En el mar \u00bb<\/a><\/p>\n<p>Ecouter la chanson \u00ab En el mar \u00bb : <a href=\"http:\/\/www.darloup.com\/blog\/audio\/enelmar.mp3\">\u00ab En el mar \u00bb<\/a><\/p>\n<p>Regarder la vid\u00e9o de \u00ab En el mar \u00bb :<\/p>\n<p style=\"text-align: center;\"><span class=\"youtube\"><iframe loading=\"lazy\" title=\"YouTube video player\" class=\"youtube-player\" type=\"text\/html\" width=\"425\" height=\"344\" src=\"\/\/www.youtube.com\/embed\/XAhArlgqckY?wmode=transparent&amp;fs=1&amp;hl=en&amp;modestbranding=1&amp;iv_load_policy=3&amp;showsearch=0&amp;rel=1&amp;theme=dark\" frameborder=\"0\" allowfullscreen><\/iframe><\/span><\/p>\n<p>&nbsp;<\/p>\n","protected":false},"excerpt":{"rendered":"<div style=\"padding: 10px 0\"><a href=\"https:\/\/www.darloup.com\/blog\/la-colombie\/les-costenos\/les-costenos-musique\/\"><img loading=\"lazy\" decoding=\"async\" src=\"\/\/img.youtube.com\/vi\/xAe7V9Csd84\/0.jpg\" height=\"125\" width=\"150\" \/><\/a><\/div>\n<p>Vous trouverez \u00e9galement de tr\u00e8s nombreux exemples de musique colombienne (coste\u00f1a ou non) sur les pages&nbsp;de mon site Web &nbsp;\u00ab\u00a0La musique de Colombie que j&rsquo;aime\u00a0\u00bb. La musique fait partie de la vie quotidienne des coste\u00f1os. Pour comprendre leur culture, pour les comprendre, il est essentiel de r\u00e9aliser qu&rsquo;ils vivent au rythme de la musique et &hellip; <a href=\"https:\/\/www.darloup.com\/blog\/la-colombie\/les-costenos\/les-costenos-musique\/\" class=\"more-link\">Continuer la lecture<span class=\"screen-reader-text\"> de &laquo;&nbsp;Musique&nbsp;&raquo;<\/span><\/a><\/p>\n<div style=\"clear:both\"><\/div>\n","protected":false},"author":1,"featured_media":0,"parent":80,"menu_order":5400,"comment_status":"open","ping_status":"open","template":"","meta":{"_monsterinsights_skip_tracking":false,"_monsterinsights_sitenote_active":false,"_monsterinsights_sitenote_note":"","_monsterinsights_sitenote_category":0,"footnotes":""},"class_list":["post-234","page","type-page","status-publish","hentry"],"aioseo_notices":[],"jetpack_shortlink":"https:\/\/wp.me\/Pj2vv-3M","jetpack_likes_enabled":true,"jetpack_sharing_enabled":true,"_links":{"self":[{"href":"https:\/\/www.darloup.com\/blog\/wp-json\/wp\/v2\/pages\/234","targetHints":{"allow":["GET"]}}],"collection":[{"href":"https:\/\/www.darloup.com\/blog\/wp-json\/wp\/v2\/pages"}],"about":[{"href":"https:\/\/www.darloup.com\/blog\/wp-json\/wp\/v2\/types\/page"}],"author":[{"embeddable":true,"href":"https:\/\/www.darloup.com\/blog\/wp-json\/wp\/v2\/users\/1"}],"replies":[{"embeddable":true,"href":"https:\/\/www.darloup.com\/blog\/wp-json\/wp\/v2\/comments?post=234"}],"version-history":[{"count":99,"href":"https:\/\/www.darloup.com\/blog\/wp-json\/wp\/v2\/pages\/234\/revisions"}],"predecessor-version":[{"id":3712,"href":"https:\/\/www.darloup.com\/blog\/wp-json\/wp\/v2\/pages\/234\/revisions\/3712"}],"up":[{"embeddable":true,"href":"https:\/\/www.darloup.com\/blog\/wp-json\/wp\/v2\/pages\/80"}],"wp:attachment":[{"href":"https:\/\/www.darloup.com\/blog\/wp-json\/wp\/v2\/media?parent=234"}],"curies":[{"name":"wp","href":"https:\/\/api.w.org\/{rel}","templated":true}]}}