{"id":3718,"date":"2016-06-24T01:35:31","date_gmt":"2016-06-24T06:35:31","guid":{"rendered":"http:\/\/www.darloup.com\/blog\/?page_id=3718"},"modified":"2016-09-03T21:35:07","modified_gmt":"2016-09-04T02:35:07","slug":"mango-mangue","status":"publish","type":"page","link":"https:\/\/www.darloup.com\/blog\/la-colombie\/les-costenos\/gastronomie\/les-fruits\/mango-mangue\/","title":{"rendered":"Mangue (mango)"},"content":{"rendered":"<p>La mangue est \u00e0 la Colombie ce que la pomme est \u00e0 la France : un fruit bon march\u00e9 et omnipr\u00e9sent (du moins au nord de la Colombie dans la r\u00e9gion des Cara\u00efbes o\u00f9 vous pouvez le cueillir directement sur les arbres dans les rues des villes !).<\/p>\n<p>Il existe des dizaines de vari\u00e9t\u00e9s de mangues : certaines se mangent pas mures avec du sel, mais la plupart sont tr\u00e8s sucr\u00e9es et se mangent telles quelles (excellente source de fibre) ou bien en jus de fruit.<\/p>\n<p>Elles ont cependant deux points en commun :<\/p>\n<p>1) La saison optimale des mangues est aux mois de mai et juin<\/p>\n<p>2) Leur couleur indique les diverses \u00e9tapes de maturit\u00e9 :<\/p>\n<p><strong>Mangue verte :<\/strong> fruit pas m\u00fbr. Certaines vari\u00e9t\u00e9s se mangent ainsi avec du sel.<br \/>\n<strong>Mangue rouge :<\/strong> fruit m\u00fbr. La chair est tr\u00e8s ferme. Le fruit est relativement sucr\u00e9.<br \/>\n<strong>Mangue jaune :<\/strong> fruit tr\u00e8s m\u00fbr. La chair est plus souple et le fruit est \u00e0 son maximum de douceur &#8211; un vrai nectar !<\/p>\n<p>Voici les trois vari\u00e9t\u00e9s les plus populaires dans la r\u00e9gion des Cara\u00efbes; vous pouvez les acheter dans la plupart des super-march\u00e9s et aupr\u00e8s des vendeurs de rue :<\/p>\n<p>La manque \u00ab\u00a0Tommy\u00a0\u00bb (\u00ab\u00a0Tomi\u00a0\u00bb ou \u00ab\u00a0Tomy\u00a0\u00bb en espagnol)<br \/>\nLa mangue \u00ab\u00a0de az\u00facar\u00a0\u00bb<br \/>\nLa mangue \u00ab\u00a0chancleta\u00a0\u00bb<\/p>\n<p>Voici une photo de ces trois vari\u00e9t\u00e9s :<\/p>\n<figure style=\"width: 800px\" class=\"wp-caption aligncenter\"><img loading=\"lazy\" decoding=\"async\" class=\"\" src=\"http:\/\/www.darloup.com\/blog\/pix\/mango01.jpg\" alt=\"Trois vari\u00e9t\u00e9s de mangues.\" width=\"800\" height=\"533\" \/><figcaption class=\"wp-caption-text\">Trois vari\u00e9t\u00e9s de mangues.<\/figcaption><\/figure>\n<p>&nbsp;<\/p>\n<p>Je vous ai mis une pi\u00e8ce de 500 pesos pour que vous puissiez vous rendre compte de leur taille par rapport \u00e0 l&rsquo;\u00e9chelle.<\/p>\n<p>&#8211; \u00c0 gauche, c&rsquo;est la mangue \u00ab\u00a0Tommy\u00a0\u00bb, la plus grande<br \/>\n&#8211; Au milieu, c&rsquo;est la mangue \u00ab\u00a0chancleta\u00a0\u00bb<br \/>\n&#8211; \u00c0 droite, c&rsquo;est la mangue \u00ab\u00a0de az\u00facar\u00a0\u00bb<\/p>\n<figure style=\"width: 445px\" class=\"wp-caption aligncenter\"><img loading=\"lazy\" decoding=\"async\" class=\"\" src=\"http:\/\/www.darloup.com\/blog\/pix\/2016\/mangotommy01.jpg\" alt=\"Mangue \" width=\"445\" height=\"353\" \/><figcaption class=\"wp-caption-text\"><center>Mangue \u00ab\u00a0Tommy\u00a0\u00bb<\/center><\/figcaption><\/figure>\n<p>&nbsp;<\/p>\n<p>Manger une mangue n&rsquo;est pas \u00e9vident, surtout \u00e0 cause de son gros noyau plat au centre. Voici deux techniques :<\/p>\n<div class=\"jetpack-video-wrapper\"><span class=\"embed-youtube\" style=\"text-align:center; display: block;\"><iframe loading=\"lazy\" class=\"youtube-player\" width=\"840\" height=\"473\" src=\"https:\/\/www.youtube.com\/embed\/GvTxnPKHhJY?version=3&#038;rel=1&#038;showsearch=0&#038;showinfo=1&#038;iv_load_policy=1&#038;fs=1&#038;hl=fr-FR&#038;autohide=2&#038;wmode=transparent\" allowfullscreen=\"true\" style=\"border:0;\" sandbox=\"allow-scripts allow-same-origin allow-popups allow-presentation allow-popups-to-escape-sandbox\"><\/iframe><\/span><\/div>\n<p>&nbsp;<\/p>\n<div class=\"jetpack-video-wrapper\"><span class=\"embed-youtube\" style=\"text-align:center; display: block;\"><iframe loading=\"lazy\" class=\"youtube-player\" width=\"840\" height=\"473\" src=\"https:\/\/www.youtube.com\/embed\/aABafaCsHWA?version=3&#038;rel=1&#038;showsearch=0&#038;showinfo=1&#038;iv_load_policy=1&#038;fs=1&#038;hl=fr-FR&#038;autohide=2&#038;wmode=transparent\" allowfullscreen=\"true\" style=\"border:0;\" sandbox=\"allow-scripts allow-same-origin allow-popups allow-presentation allow-popups-to-escape-sandbox\"><\/iframe><\/span><\/div>\n","protected":false},"excerpt":{"rendered":"<div style=\"padding: 10px 0\">www.youtube.com\/watch?v=GvTxnPKHhJY[\/embed]<\/div>\n<p>La mangue est \u00e0 la Colombie ce que la pomme est \u00e0 la France : un fruit bon march\u00e9 et omnipr\u00e9sent (du moins au nord de la Colombie dans la r\u00e9gion des Cara\u00efbes o\u00f9 vous pouvez le cueillir directement sur les arbres dans les rues des villes !). Il existe des dizaines de vari\u00e9t\u00e9s de &hellip; <a href=\"https:\/\/www.darloup.com\/blog\/la-colombie\/les-costenos\/gastronomie\/les-fruits\/mango-mangue\/\" class=\"more-link\">Continuer la lecture<span class=\"screen-reader-text\"> de &laquo;&nbsp;Mangue (mango)&nbsp;&raquo;<\/span><\/a><\/p>\n<div style=\"clear:both\"><\/div>\n","protected":false},"author":1,"featured_media":0,"parent":1014,"menu_order":0,"comment_status":"open","ping_status":"open","template":"","meta":{"_monsterinsights_skip_tracking":false,"_monsterinsights_sitenote_active":false,"_monsterinsights_sitenote_note":"","_monsterinsights_sitenote_category":0,"footnotes":""},"class_list":["post-3718","page","type-page","status-publish","hentry"],"aioseo_notices":[],"jetpack_shortlink":"https:\/\/wp.me\/Pj2vv-XY","jetpack_likes_enabled":true,"jetpack_sharing_enabled":true,"_links":{"self":[{"href":"https:\/\/www.darloup.com\/blog\/wp-json\/wp\/v2\/pages\/3718","targetHints":{"allow":["GET"]}}],"collection":[{"href":"https:\/\/www.darloup.com\/blog\/wp-json\/wp\/v2\/pages"}],"about":[{"href":"https:\/\/www.darloup.com\/blog\/wp-json\/wp\/v2\/types\/page"}],"author":[{"embeddable":true,"href":"https:\/\/www.darloup.com\/blog\/wp-json\/wp\/v2\/users\/1"}],"replies":[{"embeddable":true,"href":"https:\/\/www.darloup.com\/blog\/wp-json\/wp\/v2\/comments?post=3718"}],"version-history":[{"count":13,"href":"https:\/\/www.darloup.com\/blog\/wp-json\/wp\/v2\/pages\/3718\/revisions"}],"predecessor-version":[{"id":3767,"href":"https:\/\/www.darloup.com\/blog\/wp-json\/wp\/v2\/pages\/3718\/revisions\/3767"}],"up":[{"embeddable":true,"href":"https:\/\/www.darloup.com\/blog\/wp-json\/wp\/v2\/pages\/1014"}],"wp:attachment":[{"href":"https:\/\/www.darloup.com\/blog\/wp-json\/wp\/v2\/media?parent=3718"}],"curies":[{"name":"wp","href":"https:\/\/api.w.org\/{rel}","templated":true}]}}