{"id":420,"date":"2008-09-03T14:25:51","date_gmt":"2008-09-03T12:25:51","guid":{"rendered":"http:\/\/www.darloup.com\/blog\/?page_id=420"},"modified":"2018-05-14T23:00:03","modified_gmt":"2018-05-15T04:00:03","slug":"barranquilla-ou-se-loger-2","status":"publish","type":"page","link":"https:\/\/www.darloup.com\/blog\/la-colombie\/barranquilla-vues-densemble\/barranquilla-ou-se-loger-2\/","title":{"rendered":"O\u00f9 se loger ?"},"content":{"rendered":"<table cellspacing=\"10\" align=\"center\">\n<tbody>\n<tr>\n<td><img loading=\"lazy\" decoding=\"async\" class=\"aligncenter\" src=\"http:\/\/www.darloup.com\/blog\/pix\/flag.jpg\" alt=\"Drapeau de la Colombie\" width=\"121\" height=\"81\" align=\"middle\" border=\"0\" \/><\/td>\n<td><img loading=\"lazy\" decoding=\"async\" class=\"aligncenter\" src=\"http:\/\/www.darloup.com\/blog\/pix\/flagatl.jpg\" alt=\"Drapeau de l'Atl\u00e1ntico\" width=\"121\" height=\"73\" border=\"0\" \/><\/td>\n<td><img loading=\"lazy\" decoding=\"async\" class=\"aligncenter\" src=\"http:\/\/www.darloup.com\/blog\/pix\/flagbar.jpg\" alt=\"Drapeau de Barranquilla\" width=\"121\" height=\"73\" border=\"0\" \/><\/td>\n<\/tr>\n<\/tbody>\n<\/table>\n<p>&nbsp;<\/p>\n<div>\n<p><span class=\"styleb\">O\u00f9 se loger ?<\/span><\/p>\n<\/div>\n<div>\n<p>Malheureusement, ce n\u2019est pas \u00e9vident\u2026<\/p>\n<p>Vous resterez sans doute \u00e0 Barranquilla pour l\u2019une de ces quatre raisons :<\/p>\n<p>&#8211; Vous d\u00e9sirez voir le carnaval<br \/>\n&#8211; Vous \u00eates en voyage d\u2019affaire<br \/>\n&#8211; Votre petit(e) ami(e) est barranquillero(a) <img src=\"https:\/\/www.darloup.com\/blog\/wp-includes\/images\/smilies\/mrgreen.png\" alt=\":mrgreen:\" class=\"wp-smiley\" style=\"height: 1em; max-height: 1em;\" \/><br \/>\n&#8211; Vous d\u00e9sirez utiliser Barranquilla comme une base d\u2019exploration pour visiter la c\u00f4te nord<\/p>\n<\/div>\n<p>Vous avez le choix entre h\u00f4tels, appartements-h\u00f4tels et appartements meubl\u00e9s. Avant de choisir, vous devez prendre en compte les \u00e9l\u00e9ments suivants (en plus de votre budget) :<\/p>\n<p>* Barranquilla n\u2019est <span style=\"text-decoration: underline;\">pas<\/span> une ville touristique. Il y a tr\u00e8s peu de choses \u00e0 voir ou \u00e0 faire, bien que vous puissiez l\u2019utiliser comme base d\u2019exploration pour visiter la c\u00f4te nord<br \/>\n* A l\u2019instar de Londres, Barranquilla est une ville <span style=\"text-decoration: underline;\">tr\u00e8s<\/span> \u00e9tendue. Choisissez avec soin dans quel quartier vous d\u00e9sirez r\u00e9sider<br \/>\n* Certains quartiers sont plus surs et pratiques que d\u2019autres. Ne risquez pas de vous retrouver dans un appartement-h\u00f4tel convenable, mais situ\u00e9 en bordure d\u2019une zone industrielle<br \/>\n* Les prix doublent\/triplent lors du carnaval et, de plus, il est quasi impossible de trouver o\u00f9 se loger. R\u00e9servez 6 mois \u00e0 l\u2019avance<\/p>\n<p><span class=\"styleb\"><span style=\"text-decoration: underline;\">H\u00f4tels<\/span><\/span><\/p>\n<p>Ils sont en g\u00e9n\u00e9ral hors de prix (non seulement par rapport au niveau de vie en Colombie, mais \u00e9galement par rapport \u00e0 la France).<\/p>\n<div>Les principaux sont :<\/div>\n<div><\/div>\n<p>&nbsp;<\/p>\n<table border=\"0\" cellspacing=\"30\">\n<tbody>\n<tr>\n<td><span style=\"text-decoration: underline;\"><strong><span style=\"color: #ed2711;\">H\u00f4tel El Prado<br \/>\n<\/span><\/strong><\/span>Carrera 54 N\u00b0 70-10<br \/>\n00 57 5 369 77 77<br \/>\n<a href=\"http:\/\/www.hotelelprado.com.co\/\" target=\"_blank\" rel=\"noopener\">Site Web<\/a><\/td>\n<td><span style=\"text-decoration: underline;\"><strong><span style=\"color: #ed2711;\">H\u00f4tel Dann Carlton Barranquilla<br \/>\n<\/span><\/strong><\/span>Carrera 98 N\u00b0 52b-10<br \/>\n00 57 5 367 77 77<br \/>\n<a href=\"http:\/\/www.danncarltonbaq.co\/\" target=\"_blank\" rel=\"noopener\">Site Web<\/a><\/td>\n<td><span style=\"text-decoration: underline;\"><strong><span style=\"color: #ed2711;\">H\u00f4tel Puerta Del Sol<br \/>\n<\/span><\/strong><\/span>Carrera 75 N\u00b0 41d-79<br \/>\n00 57 5 356 50 06<br \/>\n<a href=\"http:\/\/www.puertadelsol.com.co\/\" target=\"_blank\" rel=\"noopener\">Site Web<\/a><\/td>\n<\/tr>\n<tr>\n<td valign=\"top\"><span style=\"text-decoration: underline;\"><strong><span style=\"color: #ed2711;\">H\u00f4tel Windsor<br \/>\n<\/span><\/strong><\/span>Calle 84 N\u00b0 46-07<br \/>\n00 57 5 356 50 06<br \/>\n<a href=\"http:\/\/www.hotelwindsor.com.co\/\" target=\"_blank\" rel=\"noopener\">Site Web<\/a><\/td>\n<td valign=\"top\"><span style=\"text-decoration: underline;\"><strong><span style=\"color: #ed2711;\">Country International Hotel<br \/>\n<\/span><\/strong><\/span>Carrera 52 N\u00b0 75-30<br \/>\n00 57 5 369 59 00<br \/>\n<a href=\"http:\/\/www.countryinthotel.com\/espanol\/\" target=\"_blank\" rel=\"noopener\">Site Web<\/a><\/td>\n<td valign=\"top\"><span style=\"text-decoration: underline;\"><strong><span style=\"color: #ed2711;\">Hotel Boulevard 58<br \/>\n<\/span><\/strong><\/span>Carrera 58 N\u00b0 70-41<br \/>\n00 57 5 368 08 20<br \/>\n<a href=\"http:\/\/www.hotelboulevard58.com\/\" target=\"_blank\" rel=\"noopener\">Site Web<\/a><\/td>\n<\/tr>\n<tr>\n<td><span style=\"text-decoration: underline;\"><strong><span style=\"color: #ed2711;\">Hotel Majestic<br \/>\n<\/span><\/strong><\/span>Carrera 53 N\u00b0 54-41<br \/>\n00 57 5 349 10 10<br \/>\n<a href=\"http:\/\/www.hotelmajesticcolombia.com\/\" target=\"_blank\" rel=\"noopener\">Site Web<\/a><\/td>\n<td><span style=\"text-decoration: underline;\"><strong><span style=\"color: #ed2711;\">Hotel Barahona 72<br \/>\n<\/span><\/strong><\/span>Carrera 49 N\u00b0 72-19<br \/>\n00 57 5 358 46 00<br \/>\n<a href=\"http:\/\/www.hotelesbarahona.com\/base_hotel.php?h=5\" target=\"_blank\" rel=\"noopener\">Site Web<\/a><\/td>\n<td><span style=\"text-decoration: underline;\"><strong><span style=\"color: #ed2711;\">Hotel Sorrento Suite<br \/>\n<\/span><\/strong><\/span>Carrera 49 N\u00b0 72-20<br \/>\n00 57 5 358 21 30<br \/>\n<a href=\"http:\/\/www.sorrentohoteles.com\/\" target=\"_blank\" rel=\"noopener\">Site Web<\/a><\/td>\n<\/tr>\n<tr>\n<td valign=\"top\"><span style=\"text-decoration: underline;\"><strong><span style=\"color: #ed2711;\">Atlantic Blue Hotel<\/span><\/strong><\/span><br \/>\nCarrera 43 N\u00b0 79-73<br \/>\n00 57 5 360 97 54<br \/>\n<a href=\"http:\/\/hotelatlanticblue.net\/index_archivos\/inicio.php?idioma=1&amp;seccion=4\" target=\"_blank\" rel=\"noopener\">Site Web<\/a><\/td>\n<td><span style=\"text-decoration: underline;\"><strong><span style=\"color: #ed2711;\">Hotel Tarento Suite<\/span><\/strong><\/span><br \/>\nCarrera 46 N\u00b0 75-41<br \/>\n00 57 5 369 13 28<br \/>\n<a href=\"http:\/\/tarentosuitehotel.tripod.com\/\" target=\"_blank\" rel=\"noopener\">Site Web<\/a><\/td>\n<td><span style=\"text-decoration: underline;\"><strong><span style=\"color: #ed2711;\">Hotel Continental<\/span><\/strong><\/span><br \/>\nCarrera 46 N\u00b0 85-127<br \/>\n00 57 5 359 55 30<br \/>\n<a href=\"http:\/\/elhotelcontinental.com\" target=\"_blank\" rel=\"noopener\">Site Web<\/a><\/td>\n<\/tr>\n<tr>\n<td valign=\"top\"><span style=\"text-decoration: underline;\"><strong><span style=\"color: #ed2711;\">Hotel &amp; Suite Dorado<\/span><\/strong><\/span><br \/>\nCarrera 42F N\u00b0 79-38<br \/>\n00 57 5 360 22 51<br \/>\n<a href=\"http:\/\/hotelysuitedorado.com\" target=\"_blank\" rel=\"noopener\">Site Web<\/a><\/td>\n<td valign=\"top\"><span style=\"text-decoration: underline;\"><strong><span style=\"color: #ed2711;\">Hotel Fontamar<br \/>\n<\/span><\/strong><\/span>Carrera 43F N\u00b0 43-61<br \/>\n00 57 5 379 48 21<br \/>\n00 57 5 360 22 51<br \/>\n<a href=\"http:\/\/www.fontamarhotel.com\/\" target=\"_blank\" rel=\"noopener\">Site Web<\/a><\/td>\n<td valign=\"top\"><span style=\"text-decoration: underline;\"><strong><span style=\"color: #ed2711;\">Hotel Barranquilla Plaza<\/span><\/strong><\/span><br \/>\nCarrera 51B N\u00b0 79-246<br \/>\n00 57 5 361 00 00<br \/>\n<a href=\"http:\/\/www.hbp.com.co\/\" target=\"_blank\" rel=\"noopener\">Site Web<\/a><\/td>\n<\/tr>\n<tr>\n<td valign=\"top\"><span style=\"text-decoration: underline;\"><strong><span style=\"color: #ed2711;\">Hotel American Golf<\/span><\/strong><\/span><br \/>\nCalle 82 N\u00b0 58-41<\/td>\n<td valign=\"top\"><span style=\"text-decoration: underline;\"><strong><span style=\"color: #ed2711;\">Hotel Las Brisas<\/span><\/strong><\/span><br \/>\nCalle 61 N\u00b0 46-41<br \/>\n00 57 5 340 24 55<br \/>\n<a href=\"http:\/\/hotelasbrisas.com\/\" target=\"_blank\" rel=\"noopener\">Site Web<\/a><\/td>\n<td valign=\"top\"><span style=\"text-decoration: underline;\"><strong><span style=\"color: #ed2711;\">Hotel Canadiense<\/span><\/strong><\/span><br \/>\nCalle 45 N\u00b0 38-142<br \/>\n00 57 5 379 22 59<br \/>\n<a href=\"http:\/\/www.hotelcanadiensebarranquilla.com\/home.html\" target=\"_blank\" rel=\"noopener\">Site Web<\/a><\/td>\n<\/tr>\n<tr>\n<td valign=\"top\"><span style=\"text-decoration: underline;\"><strong><span style=\"color: #ed2711;\">Hotel G\u00e9nova<\/span><\/strong><\/span><br \/>\nCalle 44 N\u00b0 44-66<br \/>\n00 57 5 351 11 99<br \/>\n<a href=\"http:\/\/www.elhotelgenova.com\/\" target=\"_blank\" rel=\"noopener\">Site Web<\/a><\/td>\n<td valign=\"top\"><span style=\"text-decoration: underline;\"><strong><span style=\"color: #ed2711;\">Smart Suites Royal<\/span><\/strong><\/span><br \/>\nCalle 51b N\u00b0 80-25<br \/>\n00 57 5 353 11 27<br \/>\n<a href=\"http:\/\/smartsuitesbq.com\/\" target=\"_blank\" rel=\"noopener\">Site Web<\/a><\/td>\n<td valign=\"top\"><span style=\"text-decoration: underline;\"><strong><span style=\"color: #ed2711;\">Hotel Sonesta<\/span><\/strong><\/span><br \/>\nCalle 106 N\u00b0 50-11<br \/>\n00 57 5 385 60 60<br \/>\n<a href=\"http:\/\/espanol.sonesta.com\/Barranquilla\/\" target=\"_blank\" rel=\"noopener\">Site Web<\/a><\/td>\n<\/tr>\n<tr>\n<td valign=\"top\"><span style=\"text-decoration: underline;\"><strong><span style=\"color: #ed2711;\">Hotel Caribe Princess<\/span><\/strong><\/span><br \/>\nCarrera 53 N\u00b0 68-216<br \/>\n00 57 5 356 56 16<br \/>\n<a href=\"http:\/\/www.hotelcaribeprincess.com.co\/\" target=\"_blank\" rel=\"noopener\">Site Web<\/a><\/td>\n<td valign=\"top\"><span style=\"text-decoration: underline;\"><strong><span style=\"color: #ed2711;\">Hotel Los Angeles<\/span><\/strong><\/span><br \/>\nCalle 40 N\u00b0 41-64<br \/>\n00 57 5 351 36 80<br \/>\n<a href=\"http:\/\/www.hotellosangelesbq.com\/\" target=\"_blank\" rel=\"noopener\">Site Web<\/a><\/td>\n<td valign=\"top\"><span style=\"text-decoration: underline;\"><strong><span style=\"color: #ed2711;\">Howard Johnson Versalles Hotel<\/span><\/strong><\/span><br \/>\nCarrera 48 N\u00b0 70-188<br \/>\n00 57 5 368 21 83<br \/>\n<a href=\"http:\/\/www.hojobarranquilla.com\/\" target=\"_blank\" rel=\"noopener\">Site Web<\/a><\/td>\n<\/tr>\n<tr>\n<td valign=\"top\"><span style=\"text-decoration: underline;\"><strong><span style=\"color: #ed2711;\">Hotel Virrey Inn<\/span><\/strong><\/span><br \/>\nCarrera 47 N\u00b0 76-49<br \/>\n00 57 5 345 19 46<br \/>\n<a href=\"http:\/\/www.hotelvirreyinn.com\/\" target=\"_blank\" rel=\"noopener\">Site Web<\/a><\/td>\n<td valign=\"top\"><span style=\"text-decoration: underline;\"><strong><span style=\"color: #ed2711;\">Atrium Plaza<\/span><\/strong><\/span><br \/>\nCarrera 44 N\u00b0 74-85<br \/>\n00 57 5 368 19 99<br \/>\n<a href=\"http:\/\/www.hotelatriumplaza.com\/\" target=\"_blank\" rel=\"noopener\">Site Web<\/a><\/td>\n<td valign=\"top\"><span style=\"text-decoration: underline;\"><strong><span style=\"color: #ed2711;\">Hotel Charthon<\/span><\/strong><\/span><br \/>\nCarrera 46 N\u00b0 90-40<br \/>\n00 57 5 377 53 33<br \/>\n<a href=\"http:\/\/www.hotelcharthonbarranquilla.com\/home.htm\" target=\"_blank\" rel=\"noopener\">Site Web<\/a><\/td>\n<\/tr>\n<tr>\n<td valign=\"top\"><span style=\"text-decoration: underline;\"><strong><span style=\"color: #ed2711;\">Hotel Costa Linda<\/span><\/strong><\/span><br \/>\nCalle 70 N\u00b0 47-37<br \/>\n00 57 5 360 23 33<br \/>\n<a href=\"http:\/\/www.colombiacontact.com\/es_Hotel-Costa-Linda.html\" target=\"_blank\" rel=\"noopener\">Site Web<\/a><\/td>\n<td valign=\"top\"><span style=\"text-decoration: underline;\"><strong><span style=\"color: #ed2711;\">Hotel San Francisco De Asis<\/span><\/strong><\/span><br \/>\nCalle 43 N\u00b0 43-128<br \/>\n00 57 5 379 29 27<br \/>\n<a href=\"http:\/\/www.sfcol.com\/barranquilla.html\" target=\"_blank\" rel=\"noopener\">Site Web<\/a><\/td>\n<td valign=\"top\"><span style=\"text-decoration: underline;\"><strong><span style=\"color: #ed2711;\">Hotel Dos Mundos<\/span><\/strong><\/span><br \/>\nCalle 72 N\u00b0 47-59<br \/>\n00 57 5 358 13 22<\/td>\n<\/tr>\n<tr>\n<td valign=\"top\"><span style=\"text-decoration: underline;\"><strong><span style=\"color: #ed2711;\">Hotel Estelar<\/span><\/strong><\/span><br \/>\nCalle 76 N\u00b0 56-29<br \/>\n00 57 5 336 00 01<br \/>\n<a href=\"http:\/\/hotelesestelar.com\/es\/hoteles\/barranquilla\/hotel-estelar-alto-prado\" target=\"_blank\" rel=\"noopener\">Site Web<\/a><\/td>\n<td valign=\"top\"><span style=\"text-decoration: underline;\"><strong><span style=\"color: #ed2711;\">Wyndham Garden<\/span><\/strong><\/span><br \/>\nCalle 87 N\u00b0 47-88<br \/>\n00 57 5 311 20 20<br \/>\n<a href=\"http:\/\/www.wyndham.com\/hotels\/colombia\/barranquilla\/wyndham-garden-barranquilla\/hotel-overview\" target=\"_blank\" rel=\"noopener\">Site Web<\/a><\/td>\n<td valign=\"top\"><span style=\"text-decoration: underline;\"><strong><span style=\"color: #ed2711;\">Hotel Crowne Plaza<\/span><\/strong><\/span><br \/>\nCarrera 57 N\u00b0 99A-65<br \/>\n00 57 5 385 00 86<br \/>\n<a href=\"https:\/\/www.ihg.com\/crowneplaza\/hotels\/us\/en\/barranquilla\/baqbc\/hoteldetail?cm_cmmc=GoogleMaps-_-CP-_-ESP-_-BAQBC\" target=\"_blank\" rel=\"noopener\">Site Web<\/a><\/td>\n<\/tr>\n<tr>\n<td valign=\"top\"><span style=\"text-decoration: underline;\"><strong><span style=\"color: #ed2711;\">Hotel Ibis<\/span><\/strong><\/span><br \/>\nCalle 86 No 50-66<br \/>\n00 57 5 385 40 60<br \/>\n<a href=\"https:\/\/secure.ibis.com\/store\/index.html#\/fr\/hotels?q=Barranquilla&amp;dateIn=&amp;children=&amp;nights=&amp;adults=1&amp;domainId=www.ibis.com\" target=\"_blank\" rel=\"noopener\">Site Web<\/a><\/td>\n<td valign=\"top\"><\/td>\n<td valign=\"top\"><\/td>\n<\/tr>\n<\/tbody>\n<\/table>\n<div>\n<p><strong><strong><span style=\"text-decoration: underline;\">A noter<\/span> :<\/strong><\/strong><\/p>\n<\/div>\n<div>* Je ne garantis pas les num\u00e9ros de t\u00e9l\u00e9phone ! Ils ont en effet tendance \u00e0 changer tous les trois mois<\/div>\n<div>\n<p>* Il est souvent possible de \u00ab\u00a0n\u00e9gocier\u00a0\u00bb sur place les prix \u00e0 la baisse, surtout en basse saison<\/p>\n<\/div>\n<div>\n<p><span class=\"styleb\"><span style=\"text-decoration: underline;\">Appartements-h\u00f4tels<\/span><\/span><\/p>\n<\/div>\n<div><\/div>\n<div>Cette solution est \u00e0 \u00e9tudier si vous compter rester au moins une semaine (les tarifs sont d\u00e9gressifs).<\/div>\n<div><\/div>\n<div>En g\u00e9n\u00e9ral, un \u00ab apartohotel \u00bb consiste d\u2019un salon, d\u2019une chambre \u00e0 coucher (avec un lit double), d\u2019une salle de bain et d\u2019un coin cuisine (avec r\u00e9frig\u00e9rateur et gazini\u00e8re).<\/div>\n<table cellspacing=\"30\">\n<tbody>\n<tr>\n<td><span style=\"text-decoration: underline;\"><strong><span style=\"color: #ed2711;\">Apartahotel Yivinaca<\/span><\/strong><\/span><br \/>\nCarrera 43 N\u00b0 80-100<br \/>\n00 57 5 356 12 51<br \/>\n<a href=\"http:\/\/www.apartahotelyivinaca.com\/home.html\" target=\"_blank\" rel=\"noopener\">Site Web<\/a><\/td>\n<td valign=\"top\"><span style=\"text-decoration: underline;\"><strong><span style=\"color: #ed2711;\">Apartahotel Eslait<\/span><\/strong><\/span><br \/>\nCarrera 53 N\u00b0 72-27<br \/>\n00 57 5 356 80 00<br \/>\n<a href=\"http:\/\/casascampestre.com\/apartamentos-colombia--APARTAHOTEL-ESLAIT-8443.htm\" target=\"_blank\" rel=\"noopener\">Site Web<\/a><\/td>\n<td valign=\"top\"><span style=\"text-decoration: underline;\"><strong><span style=\"color: #ed2711;\">Apartamentos Alvaro Jesus<br \/>\n<\/span><\/strong><\/span>Carrera 53 N\u00b0 70-54<br \/>\n00 57 5 358 19 02<br \/>\n<a href=\"http:\/\/casascampestre.com\/apartamentos-colombia--APARTAMENTOS-AMOBLADOS-ALVARO-JESUS-8435.htm\" target=\"_blank\" rel=\"noopener\">Site Web<\/a><\/td>\n<\/tr>\n<tr>\n<td valign=\"top\"><span style=\"text-decoration: underline;\"><strong><span style=\"color: #ed2711;\">Apartahotel Boston Superior<br \/>\n<\/span><\/strong><\/span>Calle 58 N\u00b0 43-32<br \/>\n00 57 5 372 20 72<br \/>\n<a href=\"http:\/\/apartahotelbostonsuperior.com\/\" target=\"_blank\" rel=\"noopener\">Site Web<\/a><\/td>\n<td valign=\"top\"><span style=\"text-decoration: underline;\"><strong><span style=\"color: #ed2711;\">Apartahotel El Rio<\/span><\/strong><\/span><br \/>\nCalle 30 N\u00b0 45B-15<br \/>\n00 57 5 344 57 26<\/td>\n<td valign=\"top\"><span style=\"text-decoration: underline;\"><strong><span style=\"color: #ed2711;\">Apartahotel Davega<\/span><\/strong><\/span><br \/>\nCarrera 44 N\u00b0 70-242<br \/>\n00 57 5 356 12 13<\/td>\n<\/tr>\n<tr>\n<td valign=\"top\"><span style=\"text-decoration: underline;\"><strong><span style=\"color: #ed2711;\">Vallclaire Suites<br \/>\n<\/span><\/strong><\/span>Carrera 55 N\u00b0 72-32<br \/>\n00 57 5 360 03 03<\/td>\n<td valign=\"top\"><span style=\"text-decoration: underline;\"><strong><span style=\"color: #ed2711;\">Apartahotel Torre Del Prado<br \/>\n<\/span><\/strong><\/span>Carrera 59 N\u00b0 70-137<br \/>\n00 57 5 369 24 13<br \/>\n<a href=\"http:\/\/www.torredelprado.com\/\" target=\"_blank\" rel=\"noopener\">Site Web<\/a><\/td>\n<td valign=\"top\"><span style=\"text-decoration: underline;\"><strong><span style=\"color: #ed2711;\">Best Western Atlantis Suites<br \/>\n<\/span><\/strong><\/span>Carrera 52 N\u00b0 94-318<\/td>\n<\/tr>\n<\/tbody>\n<\/table>\n<p><strong><span style=\"text-decoration: underline;\">A noter<\/span> :<\/strong><\/p>\n<p>* Je ne garantis pas les num\u00e9ros de t\u00e9l\u00e9phone ! Ils ont en effet tendance \u00e0 changer tous les trois mois<br \/>\n* Il est souvent possible de \u00ab\u00a0n\u00e9gocier\u00a0\u00bb sur place les prix \u00e0 la baisse, surtout en basse saison<\/p>\n<p><strong><span style=\"text-decoration: underline;\">Points \u00e0 v\u00e9rifier<\/span> :<br \/>\n<\/strong><br \/>\n* La climatisation (<strong>indispensable !<\/strong>)<br \/>\n* Fr\u00e9quence de changement des draps\/toilettes de bain<br \/>\n* Fr\u00e9quence de nettoyage<br \/>\n* \u00c9quipement de cuisine (un blender pour faire des jus de fruits ou un micro-onde sont toujours les bienvenus)<br \/>\n* Access WiFi Internet<\/p>\n<div>\n<p><span class=\"styleb\"><span style=\"text-decoration: underline;\">Appartements meubl\u00e9s<\/span><\/span><\/p>\n<p>Vous pouvez trouver des appartements meubl\u00e9s \u00e0 louer par semaine (ou plus). En g\u00e9n\u00e9ral, leur location est g\u00e9r\u00e9e par des agences immobili\u00e8res.<\/p>\n<p>Il est en donc important de ma\u00eetriser l&rsquo;espagnol, car toutes les d\u00e9marches devront s&rsquo;effectuer dans cette langue (et surtout par t\u00e9l\u00e9phone). Id\u00e9alement, je vous conseille d&rsquo;avoir un contact \u00e0 Barranquilla, ne serait-ce pour qu&rsquo;il puisse visiter l&rsquo;appartement (et n\u00e9gocier les prix) ! Les offres sont tr\u00e8s ponctuelles et vari\u00e9es.<\/p>\n<p>Je vous conseille de visiter les <a href=\"http:\/\/clasificados.elheraldo.co\/vivienda\/77?sections=vivienda\" target=\"_blank\" rel=\"noopener\">annonces immobili\u00e8res d&rsquo;appartements sur le site Web du journal El Heraldo<\/a> (le quotidien de Barranquilla). Pensez \u00e9galement aux <a href=\"http:\/\/clasificados.elheraldo.co\/vivienda\/124?sections=vivienda\" target=\"_blank\" rel=\"noopener\">locations de chambres<\/a>. Assurez-vous que le mot \u00ab amoblado \u00bb (meubl\u00e9) soit bien pr\u00e9sent dans l&rsquo;annonce.<\/p>\n<\/div>\n<div><\/div>\n<div>\n<p><strong><span style=\"text-decoration: underline;\">Points \u00e0 v\u00e9rifier<\/span> :<\/strong><\/p>\n<p>* La climatisation (<strong>indispensable !<\/strong>)<br \/>\n* Fr\u00e9quence de changement des draps\/toilettes de bain<br \/>\n* Fr\u00e9quence de nettoyage<br \/>\n* \u00c9quipement de cuisine (un blender pour faire des jus de fruits ou un micro-onde sont toujours les bienvenus)<br \/>\n* Access WiFi Internet<\/p>\n<\/div>\n<div>\n<p>Bien s\u00fbr, les choses \u00e9voluent chaque semaine. Si vous connaissez une bonne adresse ou si vous d\u00e9sirez ajouter quelque chose \u00e0 cette page, <a href=\"mailto:darloup@darloup.com?subject=Barranquilla\">veuillez me contacter<\/a> pour que je puisse faire partager vos exp\u00e9riences avec les lecteurs de ce blog. Merci d&rsquo;avance !<\/p>\n<\/div>\n","protected":false},"excerpt":{"rendered":"<p>&nbsp; O\u00f9 se loger ? Malheureusement, ce n\u2019est pas \u00e9vident\u2026 Vous resterez sans doute \u00e0 Barranquilla pour l\u2019une de ces quatre raisons : &#8211; Vous d\u00e9sirez voir le carnaval &#8211; Vous \u00eates en voyage d\u2019affaire &#8211; Votre petit(e) ami(e) est barranquillero(a) &#8211; Vous d\u00e9sirez utiliser Barranquilla comme une base d\u2019exploration pour visiter la c\u00f4te nord &hellip; <a href=\"https:\/\/www.darloup.com\/blog\/la-colombie\/barranquilla-vues-densemble\/barranquilla-ou-se-loger-2\/\" class=\"more-link\">Continuer la lecture<span class=\"screen-reader-text\"> de &laquo;&nbsp;O\u00f9 se loger ?&nbsp;&raquo;<\/span><\/a><\/p>\n","protected":false},"author":1,"featured_media":0,"parent":145,"menu_order":3401,"comment_status":"open","ping_status":"open","template":"","meta":{"_monsterinsights_skip_tracking":false,"_monsterinsights_sitenote_active":false,"_monsterinsights_sitenote_note":"","_monsterinsights_sitenote_category":0,"footnotes":""},"class_list":["post-420","page","type-page","status-publish","hentry"],"aioseo_notices":[],"jetpack_shortlink":"https:\/\/wp.me\/Pj2vv-6M","jetpack_likes_enabled":true,"jetpack_sharing_enabled":true,"_links":{"self":[{"href":"https:\/\/www.darloup.com\/blog\/wp-json\/wp\/v2\/pages\/420","targetHints":{"allow":["GET"]}}],"collection":[{"href":"https:\/\/www.darloup.com\/blog\/wp-json\/wp\/v2\/pages"}],"about":[{"href":"https:\/\/www.darloup.com\/blog\/wp-json\/wp\/v2\/types\/page"}],"author":[{"embeddable":true,"href":"https:\/\/www.darloup.com\/blog\/wp-json\/wp\/v2\/users\/1"}],"replies":[{"embeddable":true,"href":"https:\/\/www.darloup.com\/blog\/wp-json\/wp\/v2\/comments?post=420"}],"version-history":[{"count":152,"href":"https:\/\/www.darloup.com\/blog\/wp-json\/wp\/v2\/pages\/420\/revisions"}],"predecessor-version":[{"id":4538,"href":"https:\/\/www.darloup.com\/blog\/wp-json\/wp\/v2\/pages\/420\/revisions\/4538"}],"up":[{"embeddable":true,"href":"https:\/\/www.darloup.com\/blog\/wp-json\/wp\/v2\/pages\/145"}],"wp:attachment":[{"href":"https:\/\/www.darloup.com\/blog\/wp-json\/wp\/v2\/media?parent=420"}],"curies":[{"name":"wp","href":"https:\/\/api.w.org\/{rel}","templated":true}]}}