{"id":4489,"date":"2018-03-16T22:34:07","date_gmt":"2018-03-17T03:34:07","guid":{"rendered":"http:\/\/www.darloup.com\/blog\/?page_id=4489"},"modified":"2018-03-16T22:49:00","modified_gmt":"2018-03-17T03:49:00","slug":"pokemon-go","status":"publish","type":"page","link":"https:\/\/www.darloup.com\/blog\/pokemon-go\/","title":{"rendered":"Pok\u00e9mon Go"},"content":{"rendered":"<p>Cette section de mon blog couvrira Pok\u00e9mon Go qui, je le suppose, n&rsquo;a pas\/plus besoin d\u00b4\u00eatre pr\u00e9sent\u00e9 !\u00a0 <img src=\"https:\/\/www.darloup.com\/blog\/wp-includes\/images\/smilies\/mrgreen.png\" alt=\":mrgreen:\" class=\"wp-smiley\" style=\"height: 1em; max-height: 1em;\" \/><\/p>\n<p>Il existe des milliers de sites Web qui couvrent ce jeu &#8211; consultez Google afin de les d\u00e9couvrir afin d&rsquo;obtenir de pr\u00e9cieux conseils\u00a0 !<\/p>\n<p>Je ne publierai ici <span style=\"text-decoration: underline;\"><strong>que<\/strong><\/span> mes conseils bas\u00e9s sur ma propre exp\u00e9rience et mes propres probl\u00e8mes\/frustrations afin de partager avec la communaut\u00e9 des conseils subjectifs et pertinents.<\/p>\n<p>&nbsp;<\/p>\n<p>&nbsp;<\/p>\n","protected":false},"excerpt":{"rendered":"<p>Cette section de mon blog couvrira Pok\u00e9mon Go qui, je le suppose, n&rsquo;a pas\/plus besoin d\u00b4\u00eatre pr\u00e9sent\u00e9 !\u00a0 Il existe des milliers de sites Web qui couvrent ce jeu &#8211; consultez Google afin de les d\u00e9couvrir afin d&rsquo;obtenir de pr\u00e9cieux conseils\u00a0 ! Je ne publierai ici que mes conseils bas\u00e9s sur ma propre exp\u00e9rience et &hellip; <a href=\"https:\/\/www.darloup.com\/blog\/pokemon-go\/\" class=\"more-link\">Continuer la lecture<span class=\"screen-reader-text\"> de &laquo;&nbsp;Pok\u00e9mon Go&nbsp;&raquo;<\/span><\/a><\/p>\n","protected":false},"author":1,"featured_media":0,"parent":0,"menu_order":7500,"comment_status":"open","ping_status":"open","template":"","meta":{"_monsterinsights_skip_tracking":false,"_monsterinsights_sitenote_active":false,"_monsterinsights_sitenote_note":"","_monsterinsights_sitenote_category":0,"footnotes":""},"class_list":["post-4489","page","type-page","status-publish","hentry"],"aioseo_notices":[],"jetpack_shortlink":"https:\/\/wp.me\/Pj2vv-1ap","jetpack_likes_enabled":true,"jetpack_sharing_enabled":true,"_links":{"self":[{"href":"https:\/\/www.darloup.com\/blog\/wp-json\/wp\/v2\/pages\/4489","targetHints":{"allow":["GET"]}}],"collection":[{"href":"https:\/\/www.darloup.com\/blog\/wp-json\/wp\/v2\/pages"}],"about":[{"href":"https:\/\/www.darloup.com\/blog\/wp-json\/wp\/v2\/types\/page"}],"author":[{"embeddable":true,"href":"https:\/\/www.darloup.com\/blog\/wp-json\/wp\/v2\/users\/1"}],"replies":[{"embeddable":true,"href":"https:\/\/www.darloup.com\/blog\/wp-json\/wp\/v2\/comments?post=4489"}],"version-history":[{"count":3,"href":"https:\/\/www.darloup.com\/blog\/wp-json\/wp\/v2\/pages\/4489\/revisions"}],"predecessor-version":[{"id":4492,"href":"https:\/\/www.darloup.com\/blog\/wp-json\/wp\/v2\/pages\/4489\/revisions\/4492"}],"wp:attachment":[{"href":"https:\/\/www.darloup.com\/blog\/wp-json\/wp\/v2\/media?parent=4489"}],"curies":[{"name":"wp","href":"https:\/\/api.w.org\/{rel}","templated":true}]}}