{"id":450,"date":"2008-09-04T22:48:05","date_gmt":"2008-09-04T20:48:05","guid":{"rendered":"http:\/\/www.darloup.com\/blog\/?page_id=450"},"modified":"2019-07-19T16:17:41","modified_gmt":"2019-07-19T21:17:41","slug":"barranquilla-climat","status":"publish","type":"page","link":"https:\/\/www.darloup.com\/blog\/la-colombie\/barranquilla-vues-densemble\/barranquilla-climat\/","title":{"rendered":"Climat"},"content":{"rendered":"<p>&nbsp;<\/p>\n<table cellspacing=\"10\" align=\"center\">\n<tbody>\n<tr>\n<td><center><img loading=\"lazy\" decoding=\"async\" src=\"http:\/\/www.darloup.com\/blog\/pix\/flag.jpg\" alt=\"Drapeau de la Colombie\" width=\"121\" height=\"81\" align=\"middle\" border=\"0\" \/><\/center><\/td>\n<td><center><img loading=\"lazy\" decoding=\"async\" src=\"http:\/\/www.darloup.com\/blog\/pix\/flagatl.jpg\" alt=\"Drapeau de l'Atl\u00e1ntico\" width=\"121\" height=\"73\" border=\"0\" \/><\/center><\/td>\n<td><center><img loading=\"lazy\" decoding=\"async\" src=\"http:\/\/www.darloup.com\/blog\/pix\/flagbar.jpg\" alt=\"Drapeau de Barranquilla\" width=\"121\" height=\"73\" border=\"0\" \/><\/center><\/td>\n<\/tr>\n<\/tbody>\n<\/table>\n<div>\u00a0<\/div>\n<div>Il fait chaud \u00e0 Barranquilla \u2013 tr\u00e8s chaud\u2026<\/p>\n<\/div>\n<div>Le climat est du type \u00ab\u00a0tropical\u00a0\u00bb, c&rsquo;est-\u00e0-dire chaud et humide.<\/p>\n<\/div>\n<div>A l&rsquo;exception de\u00a0la saison des pluies, le climat est constant. Il n\u2019existe aucune\u00a0diff\u00e9rence entre les saisons et les jours sont quasiment identiques du 1<sup>er<\/sup> janvier au 31 d\u00e9cembre.<\/p>\n<\/div>\n<div><u><strong>Ensoleillement<\/strong><\/u>\u00a0 <strong>:<\/p>\n<p><\/strong><\/div>\n<div>Chaque jour de l\u2019ann\u00e9e, le soleil se l\u00e8ve vers 06h00 et se couche vers 18h00.<\/div>\n<div><u><strong>Temp\u00e9ratures<\/strong><\/u><strong>\u00a0:<\/p>\n<p><\/strong><\/div>\n<div>Jour\u00a0: Entre 30 \u00b0C et 33 \u00b0C<\/div>\n<div>Nuit\u00a0 : Entre 20 \u00b0C \u00a0et 25 \u00b0C<\/p>\n<\/div>\n<div>\n<p style=\"text-align: center;\">\u00a0<img loading=\"lazy\" decoding=\"async\" src=\"http:\/\/www.darloup.com\/blog\/pix\/temperatures.jpg\" alt=\"Temp\u00e9ratures \u00e0 Barranquilla\" width=\"640\" height=\"160\" border=\"0\" \/><\/p>\n<\/div>\n<div>\u00a0<\/div>\n<div>\u00a0<\/div>\n<div><u><strong>Humidit\u00e9<\/strong><\/u><strong>\u00a0: <\/strong>Entre 75% et 90%<\/div>\n<div>\u00a0<\/div>\n<div>\u00a0<\/div>\n<div><u><strong>Pr\u00e9cipitations<\/strong><\/u><strong>\u00a0:<\/strong><\/div>\n<div>\u00a0<\/div>\n<div>Les orages tropicaux sont d\u2019une rare violence et <u>extr\u00eamement dangereux<\/u>. Ils peuvent durer de 15 minutes \u00e0 plusieurs heures. Barranquilla \u00e9tant b\u00e2tie sur une colline et ne poss\u00e9dant aucun syst\u00e8me d\u2019\u00e9gout\/canalisation, ces orages emportent r\u00e9guli\u00e8rement des v\u00e9hicules (et une pl\u00e9thore d\u2019autres objets tous plus dangereux les uns que les autres). Vous devez <u>imp\u00e9rativement<\/u> rester \u00e0 l\u2019int\u00e9rieur lors de ces orages.<\/div>\n<div>\u00a0<\/div>\n<p style=\"text-align: center;\">\u00a0<img loading=\"lazy\" decoding=\"async\" src=\"http:\/\/www.darloup.com\/blog\/pix\/precipitations.jpg\" alt=\"Pr\u00e9cipitations \u00e0 Barranquilla\" width=\"626\" height=\"260\" border=\"0\" \/><\/p>\n<div>\u00a0Comme vous le constaterez, les mois de septembre et d&rsquo;octobre sont \u00e0 \u00e9viter.<\/div>\n<div>\u00a0<\/div>\n<div>\u00a0<\/div>\n<div><u><strong>Indice UV<\/strong><\/u><strong>\u00a0:<\/strong><\/div>\n<div>\u00a0<\/div>\n<div>Extr\u00eamement \u00e9lev\u00e9 durant la journ\u00e9e \u2013 il est toujours compris entre 9 et 10.<\/div>\n<div>\u00a0<\/div>\n<div>Une protection solaire est i<u>ndispensable<\/u> en bordure de mer (d&rsquo;un minimum de 30 &#8211;\u00a0de pr\u00e9f\u00e9rence 50). M\u00eame les coste\u00f1os (qui sont pourtant majoritairement de couleur fonc\u00e9e de peau) l\u2019utilisent. Le soleil ne chauffe pas, <u><strong>il br\u00fble<\/strong><\/u>.<\/div>\n<div>\u00a0<\/div>\n<div>\u00a0<\/div>\n<div><u><strong>Divers<\/strong><\/u><strong>\u00a0:<\/strong><\/div>\n<div>\u00a0<\/div>\n<div>A partir de la fin novembre (et ce jusqu\u2019au d\u00e9but du mois d\u2019avril), les vents aliz\u00e9s du nord-est (vents secs) rafraichissent quelque peu Barranquilla. Ces m\u00eames vents transportent \u00e9galement le sable du littoral qui reste en suspension dans l\u2019air. C\u2019est pourquoi Barranquilla est surnomm\u00e9e \u00ab\u00a0La Arenosa\u00a0\u00bb (la sablonneuse).<\/div>\n<div>\u00a0<\/div>\n<div>Comptez un minimum de\u00a02 semaines pour vous habituer \u00e0 la chaleur et \u00e0 l&rsquo;humidit\u00e9 oppressantes. Apr\u00e8s cette p\u00e9riode d&rsquo;acclimatation, vous serez surpris comment \u00a0votre corps arrive\u00a0\u00e0 g\u00e9rer et \u00e0 ma\u00eetriser\u00a0ces conditions extr\u00eames.<\/div>\n<div>\u00a0<\/div>\n<div>\u00a0<\/div>\n<div><u><strong>Quand visiter Barranquilla ?<\/strong><\/u><\/div>\n<div>\u00a0<\/div>\n<div>Tous les diff\u00e9rents facteurs \u00e9tant pris en consid\u00e9ration (temp\u00e9rature, pr\u00e9cipitations, vents, etc.), voici un tableau r\u00e9capitulatif des meilleurs mois pour organiser votre voyage \u00e0 Barranquilla\u00a0:<\/div>\n<div>\u00a0<\/div>\n<div>\u00a0<\/div>\n<p style=\"text-align: center;\">\u00a0<img loading=\"lazy\" decoding=\"async\" src=\"http:\/\/www.darloup.com\/blog\/pix\/quand.jpg\" alt=\"Quand visiter Barranquilla ?\" width=\"618\" height=\"160\" border=\"0\" \/><\/p>\n<div>\u00a0<\/div>\n","protected":false},"excerpt":{"rendered":"<p>&nbsp; \u00a0 Il fait chaud \u00e0 Barranquilla \u2013 tr\u00e8s chaud\u2026 Le climat est du type \u00ab\u00a0tropical\u00a0\u00bb, c&rsquo;est-\u00e0-dire chaud et humide. A l&rsquo;exception de\u00a0la saison des pluies, le climat est constant. Il n\u2019existe aucune\u00a0diff\u00e9rence entre les saisons et les jours sont quasiment identiques du 1er janvier au 31 d\u00e9cembre. Ensoleillement\u00a0 : Chaque jour de l\u2019ann\u00e9e, le &hellip; <a href=\"https:\/\/www.darloup.com\/blog\/la-colombie\/barranquilla-vues-densemble\/barranquilla-climat\/\" class=\"more-link\">Continuer la lecture<span class=\"screen-reader-text\"> de &laquo;&nbsp;Climat&nbsp;&raquo;<\/span><\/a><\/p>\n","protected":false},"author":1,"featured_media":0,"parent":145,"menu_order":3250,"comment_status":"open","ping_status":"open","template":"","meta":{"_monsterinsights_skip_tracking":false,"_monsterinsights_sitenote_active":false,"_monsterinsights_sitenote_note":"","_monsterinsights_sitenote_category":0,"footnotes":""},"class_list":["post-450","page","type-page","status-publish","hentry"],"aioseo_notices":[],"jetpack_shortlink":"https:\/\/wp.me\/Pj2vv-7g","jetpack_likes_enabled":true,"jetpack_sharing_enabled":true,"_links":{"self":[{"href":"https:\/\/www.darloup.com\/blog\/wp-json\/wp\/v2\/pages\/450","targetHints":{"allow":["GET"]}}],"collection":[{"href":"https:\/\/www.darloup.com\/blog\/wp-json\/wp\/v2\/pages"}],"about":[{"href":"https:\/\/www.darloup.com\/blog\/wp-json\/wp\/v2\/types\/page"}],"author":[{"embeddable":true,"href":"https:\/\/www.darloup.com\/blog\/wp-json\/wp\/v2\/users\/1"}],"replies":[{"embeddable":true,"href":"https:\/\/www.darloup.com\/blog\/wp-json\/wp\/v2\/comments?post=450"}],"version-history":[{"count":46,"href":"https:\/\/www.darloup.com\/blog\/wp-json\/wp\/v2\/pages\/450\/revisions"}],"predecessor-version":[{"id":4649,"href":"https:\/\/www.darloup.com\/blog\/wp-json\/wp\/v2\/pages\/450\/revisions\/4649"}],"up":[{"embeddable":true,"href":"https:\/\/www.darloup.com\/blog\/wp-json\/wp\/v2\/pages\/145"}],"wp:attachment":[{"href":"https:\/\/www.darloup.com\/blog\/wp-json\/wp\/v2\/media?parent=450"}],"curies":[{"name":"wp","href":"https:\/\/api.w.org\/{rel}","templated":true}]}}