{"id":46,"date":"2008-08-18T22:38:21","date_gmt":"2008-08-18T20:38:21","guid":{"rendered":"http:\/\/www.darloup.com\/blog\/?page_id=46"},"modified":"2016-12-04T01:16:08","modified_gmt":"2016-12-04T06:16:08","slug":"colombie-avant-le-voyage","status":"publish","type":"page","link":"https:\/\/www.darloup.com\/blog\/la-colombie\/colombie-avant-le-voyage\/","title":{"rendered":"Avant le voyage"},"content":{"rendered":"<p align=\"center\"><img loading=\"lazy\" decoding=\"async\" alt=\"Drapeau de la Colombie\" src=\"http:\/\/www.darloup.com\/blog\/pix\/flag.jpg\" width=\"121\" height=\"81\" border=\"0\" \/><\/p>\n<p>&nbsp;<\/p>\n<p><strong><span style=\"text-decoration: underline;\">Pr\u00e9cautions \u00e0 prendre avant d&rsquo;arriver en Colombie<\/span><\/strong> : Vous trouverez une mine d&rsquo;informations sur <a href=\"http:\/\/www.darloup.com\/forum\/\" target=\"_blank\">mon forum sur la Colombie<\/a> &#8211; n&rsquo;h\u00e9sitez-pas \u00e0 y poser vos questions !<\/p>\n<p>Je vous invite tout particuli\u00e8rement \u00e0 lire ce fil de mon forum : <a href=\"http:\/\/www.darloup.com\/forum\/viewtopic.php?f=12&#038;t=470\" target=\"_blank\">Conseils aux voyageurs &#8211; R\u00e9gions \u00e0 \u00e9viter<\/a>. <\/p>\n<p>De ma propre exp\u00e9rience, j&rsquo;aimerais ajouter :<\/p>\n<p>* N&rsquo;oubliez pas que Bogot\u00e1 se trouve \u00e0 2640 m\u00e8tres d&rsquo;altitude. Pr\u00e9voyez donc une \u00ab petite laine \u00bb, m\u00eame en \u00e9t\u00e9.<\/p>\n<p>* Surtout, ne changez pas d&rsquo;argent \u00e0 l&rsquo;a\u00e9roport de Bogot\u00e1 ! Les petits kiosques que vous verrez \u00e0 l&rsquo;arriv\u00e9e sont tenus par des cambistes ind\u00e9pendants et vous obtiendrez en moyenne 20% de moins pour vos euros qu&rsquo;en changeant le lendemain dans une banque \u00ab officielle \u00bb. Investissez avant votre d\u00e9part dans une centaine de dollars US (en petites coupures de $1 et $5), ne serait-ce que pour vous permettre de payer votre taxi.<\/p>\n<p>* O\u00f9 que vous alliez en Colombie, vous devez <span style=\"text-decoration: underline;\">imp\u00e9rativement<\/span> vous vacciner contre la fi\u00e8vre jaune. Cette maladie (propag\u00e9e par les moustiques) est end\u00e9mique en Colombie et mortelle dans plus d&rsquo;un cas sur trois. Il n&rsquo;existe aucun traitement.<\/p>\n<p>Le vaccin (une seule injection est n\u00e9cessaire), non rembours\u00e9 par la S\u00e9cu, est maintenant valable \u00e0 vie !<\/p>\n<p>* Quant au traitement anti-paludisme, je sais qu&rsquo;il est recommand\u00e9, mais c&rsquo;est \u00e0 vous de voir en fonction de votre budget. A \u00e9viter absolument : Le Lariam qui, dans de nombreux cas,&nbsp;vous apportera des effets secondaires non acceptables (\u00e9tourdissements, vomissements, d\u00e9lires, etc.). Je vous conseille la Malarone qui co\u00fbte quand m\u00eame plus de 50 euros pour un traitement d&rsquo;une semaine.<\/p>\n","protected":false},"excerpt":{"rendered":"<p>&nbsp; Pr\u00e9cautions \u00e0 prendre avant d&rsquo;arriver en Colombie : Vous trouverez une mine d&rsquo;informations sur mon forum sur la Colombie &#8211; n&rsquo;h\u00e9sitez-pas \u00e0 y poser vos questions ! Je vous invite tout particuli\u00e8rement \u00e0 lire ce fil de mon forum : Conseils aux voyageurs &#8211; R\u00e9gions \u00e0 \u00e9viter. De ma propre exp\u00e9rience, j&rsquo;aimerais ajouter : &hellip; <a href=\"https:\/\/www.darloup.com\/blog\/la-colombie\/colombie-avant-le-voyage\/\" class=\"more-link\">Continuer la lecture<span class=\"screen-reader-text\"> de &laquo;&nbsp;Avant le voyage&nbsp;&raquo;<\/span><\/a><\/p>\n","protected":false},"author":1,"featured_media":0,"parent":22,"menu_order":1000,"comment_status":"open","ping_status":"open","template":"","meta":{"_monsterinsights_skip_tracking":false,"_monsterinsights_sitenote_active":false,"_monsterinsights_sitenote_note":"","_monsterinsights_sitenote_category":0,"footnotes":""},"class_list":["post-46","page","type-page","status-publish","hentry"],"aioseo_notices":[],"jetpack_shortlink":"https:\/\/wp.me\/Pj2vv-K","jetpack_likes_enabled":true,"jetpack_sharing_enabled":true,"_links":{"self":[{"href":"https:\/\/www.darloup.com\/blog\/wp-json\/wp\/v2\/pages\/46","targetHints":{"allow":["GET"]}}],"collection":[{"href":"https:\/\/www.darloup.com\/blog\/wp-json\/wp\/v2\/pages"}],"about":[{"href":"https:\/\/www.darloup.com\/blog\/wp-json\/wp\/v2\/types\/page"}],"author":[{"embeddable":true,"href":"https:\/\/www.darloup.com\/blog\/wp-json\/wp\/v2\/users\/1"}],"replies":[{"embeddable":true,"href":"https:\/\/www.darloup.com\/blog\/wp-json\/wp\/v2\/comments?post=46"}],"version-history":[{"count":24,"href":"https:\/\/www.darloup.com\/blog\/wp-json\/wp\/v2\/pages\/46\/revisions"}],"predecessor-version":[{"id":3918,"href":"https:\/\/www.darloup.com\/blog\/wp-json\/wp\/v2\/pages\/46\/revisions\/3918"}],"up":[{"embeddable":true,"href":"https:\/\/www.darloup.com\/blog\/wp-json\/wp\/v2\/pages\/22"}],"wp:attachment":[{"href":"https:\/\/www.darloup.com\/blog\/wp-json\/wp\/v2\/media?parent=46"}],"curies":[{"name":"wp","href":"https:\/\/api.w.org\/{rel}","templated":true}]}}