{"id":682,"date":"2008-09-07T20:37:20","date_gmt":"2008-09-07T18:37:20","guid":{"rendered":"http:\/\/www.darloup.com\/blog\/?page_id=682"},"modified":"2015-06-27T20:56:15","modified_gmt":"2015-06-28T01:56:15","slug":"que-faire-que-voir","status":"publish","type":"page","link":"https:\/\/www.darloup.com\/blog\/la-colombie\/barranquilla-vues-densemble\/que-faire-que-voir\/","title":{"rendered":"Que faire &#038; que voir ?"},"content":{"rendered":"<table cellspacing=\"10\" align=\"center\">\n<tbody>\n<tr>\n<td><img loading=\"lazy\" decoding=\"async\" src=\"http:\/\/www.darloup.com\/blog\/pix\/flag.jpg\" alt=\"Drapeau de la Colombie\" width=\"121\" height=\"81\" align=\"middle\" border=\"0\" \/><\/td>\n<td><img loading=\"lazy\" decoding=\"async\" src=\"http:\/\/www.darloup.com\/blog\/pix\/flagatl.jpg\" alt=\"Drapeau de l'Atl\u00e1ntico\" width=\"121\" height=\"73\" border=\"0\" \/><\/td>\n<td><img loading=\"lazy\" decoding=\"async\" src=\"http:\/\/www.darloup.com\/blog\/pix\/flagbar.jpg\" alt=\"Drapeau de Barranquilla\" width=\"121\" height=\"73\" border=\"0\" \/><\/td>\n<\/tr>\n<\/tbody>\n<\/table>\n<div><\/div>\n<div><\/div>\n<div><\/div>\n<p>Barranquilla n\u2019est pas une ville touristique. Il y a tr\u00e8s peu de choses \u00e0 voir ou \u00e0 faire, bien que vous puissiez l\u2019utiliser comme base d\u2019exploration pour visiter la c\u00f4te nord.<\/p>\n<p>Deux quartiers se d\u00e9marquent&nbsp;:<\/p>\n<p>* Le centre-ville, situ\u00e9 de part et d\u2019autre du \u00ab&nbsp;Paseo Bol\u00edvar&nbsp;\u00bb<br \/>\n* Le quartier du Prado<\/p>\n<p>Voici&nbsp;quelques suggestions de choses \u00e0 faire et d&rsquo;endroits \u00e0 visiter durant votre s\u00e9jour <i>(cliquez sur les images pour les agrandir)<\/i> :<\/p>\n<p>&nbsp;<\/p>\n<p><span class=\"styleb\">Le Mus\u00e9e Romantique<\/span><\/p>\n<table border=\"0\" cellspacing=\"1\" cellpadding=\"1\" align=\"center\">\n<tbody>\n<tr>\n<td valign=\"middle\"><a title=\"Le Mus\u00e9e Romantique\" href=\"http:\/\/www.darloup.com\/blog\/pix\/pix17a.jpg\" rel=\"lightbox\"><img loading=\"lazy\" decoding=\"async\" title=\"(cliquer pour agrandir)\" src=\"http:\/\/www.darloup.com\/blog\/pix\/pix17a.jpg\" alt=\"\" width=\"200\" height=\"150\" align=\"left\" border=\"0\" \/> <\/a><\/td>\n<td width=\"30\"><\/td>\n<td valign=\"middle\">A visiter imp\u00e9rativement pour conna\u00eetre l\u2019histoire de Barranquilla. Le mus\u00e9e contient de nombreuses reliques du pass\u00e9 et une section est d\u00e9di\u00e9e au carnaval (avec les incroyables robes de couronnement des \u00ab&nbsp;Reines du carnaval&nbsp;\u00bb et les costumes les plus originaux).<br \/>\nVous y trouverez, entre autres choses&nbsp;: Des manuscrits de Gabriel Garc\u00eda M\u00e1rquez, la machine \u00e0 \u00e9crire de Alfonso Fuenmayor, des cartes et manuscrits de Sim\u00f3n Bol\u00edvar, le premier t\u00e9l\u00e9phone du pays, la premi\u00e8re machine \u00e0 calculer ainsi qu&rsquo;une incroyable collection de photos, gravures, uniformes et journaux d\u2019antan.<br \/>\nUn indispensable voyage \u00e0 travers le temps qui vous fera d\u00e9couvrir l\u2019histoire et la culture de Barranquilla.<\/td>\n<\/tr>\n<\/tbody>\n<\/table>\n<p>Carrera 54 N\u00b0 59-199<br \/>\nT\u00e9l : 00 57 5 344 45 91<br \/>\nOuvert de 09h00 \u00e0 11h00 et de 14h00 \u00e0 17h00 (du lundi au vendredi)<\/p>\n<p>&nbsp;<\/p>\n<p><span class=\"styleb\">El Parque Cultural del Caribe<\/span><\/p>\n<table border=\"0\" cellspacing=\"1\" cellpadding=\"1\" align=\"center\">\n<tbody>\n<tr>\n<td valign=\"middle\"><a title=\"El Parque Cultural del Caribe\" href=\"http:\/\/www.darloup.com\/blog\/pix\/parquecaribe01.jpg\" rel=\"lightbox\"><img loading=\"lazy\" decoding=\"async\" title=\"(cliquer pour agrandir)\" src=\"http:\/\/www.darloup.com\/blog\/pix\/parquecaribe01.jpg\" alt=\"\" width=\"200\" height=\"150\" align=\"left\" border=\"0\" \/> <\/a><\/td>\n<td width=\"30\"><\/td>\n<td valign=\"middle\">Le parc contient le plus grand mus\u00e9e de Barranquilla qui est enti\u00e8rement d\u00e9di\u00e9 \u00e0 la culture des Cara\u00efbes. Vous y trouverez \u00e9galement un th\u00e9\u00e2tre ouvert ainsi qu&rsquo;un restaurant.<\/td>\n<\/tr>\n<\/tbody>\n<\/table>\n<p>Calle 36 N\u00b0 46-66<br \/>\nT\u00e9l : 00 57 5 372 05 81 &amp; 00 57 5 372 05 82<br \/>\nSite Web : <a title=\"Le Parc Culturel des Cara\u00efbes\" href=\"http:\/\/www.culturacaribe.org\" target=\"_blank\">www.culturacaribe.org<\/a><\/p>\n<p>&nbsp;<\/p>\n<p><span class=\"styleb\">El Paseo Bolivar<\/span><\/p>\n<table border=\"0\" cellspacing=\"1\" cellpadding=\"1\" align=\"center\">\n<tbody>\n<tr>\n<td valign=\"middle\"><a title=\"El Paseo Bolivar\" href=\"http:\/\/www.darloup.com\/blog\/pix\/paseobolivar01.jpg\" rel=\"lightbox\"><img loading=\"lazy\" decoding=\"async\" title=\"(cliquer pour agrandir)\" src=\"http:\/\/www.darloup.com\/blog\/pix\/paseobolivar01.jpg\" alt=\"\" width=\"200\" height=\"150\" align=\"left\" border=\"0\" \/> <\/a><\/td>\n<td width=\"30\"><\/td>\n<td valign=\"middle\">Barranquilla fut construit autour de ce boulevard qui fait donc partie du centre historique de la ville. C&rsquo;est la principale art\u00e8re commer\u00e7ante de la ville, avec des dizaines de petits centres commerciaux de part et d&rsquo;autre du boulevard. Sans oublier des centaines d&rsquo;\u00e9tals et des milliers de marchands ambulants (<a title=\"Barranquilla : centre-ville chaotique, mais sympathique (#2)\" href=\"http:\/\/www.darloup.com\/blog\/?p=2957\" target=\"_blank\">voir ce billet<\/a>).<\/td>\n<\/tr>\n<\/tbody>\n<\/table>\n<p><span style=\"line-height: 1.5em;\">&nbsp;<\/span><\/p>\n<p>&nbsp;<\/p>\n<p><span class=\"styleb\">La Casa del Carnaval<\/span><\/p>\n<table border=\"0\" cellspacing=\"1\" cellpadding=\"1\" align=\"center\">\n<tbody>\n<tr>\n<td valign=\"middle\"><a title=\"La Casa del Carnaval\" href=\"http:\/\/www.darloup.com\/blog\/pix\/casacarnaval01.jpg\" rel=\"lightbox\"><img loading=\"lazy\" decoding=\"async\" title=\"(cliquer pour agrandir)\" src=\"http:\/\/www.darloup.com\/blog\/pix\/casacarnaval01.jpg\" alt=\"\" width=\"200\" height=\"93\" align=\"left\" border=\"0\" \/> <\/a><\/td>\n<td width=\"30\"><\/td>\n<td valign=\"middle\">La maison du Carnaval de Barranquilla est un endroit incontournable pour toute personne int\u00e9ress\u00e9e par ce sujet. Elle contient un grand mus\u00e9e (masques, costumes, objets, etc.) ainsi qu&rsquo;un centre de documentation.<\/td>\n<\/tr>\n<\/tbody>\n<\/table>\n<p>Carrera 54 N\u00b0 49B-39<br \/>\nT\u00e9l : 00 57 5 319 76 16<br \/>\nSite Web : <a title=\"La Casa del Carnaval\" href=\"http:\/\/www.carnavaldebarranquilla.org\" target=\"_blank\">www.carnavaldebarranquilla.org<\/a><\/p>\n<p>&nbsp;<\/p>\n<p><span class=\"styleb\">L&rsquo;ancien bureau des Douanes<\/span><\/p>\n<table border=\"0\" cellspacing=\"1\" cellpadding=\"1\" align=\"center\">\n<tbody>\n<tr>\n<td valign=\"middle\"><a title=\"L'ancien bureau des Douanes - t\u00e9moignage de la grandeur pass\u00e9e de Barranquilla\" href=\"http:\/\/www.darloup.com\/blog\/pix\/aduana01.jpg\" rel=\"lightbox\"><img loading=\"lazy\" decoding=\"async\" title=\"(cliquer pour agrandir)\" src=\"http:\/\/www.darloup.com\/blog\/pix\/aduana01.jpg\" alt=\"\" width=\"200\" height=\"152\" align=\"left\" border=\"0\" \/> <\/a><\/td>\n<td width=\"30\"><\/td>\n<td valign=\"middle\">Ce b\u00e2timent est le symbole de la grandeur pass\u00e9e de Barranquilla : de par sa fen\u00eatre sur l&rsquo;oc\u00e9an Atlantique qui, \u00e0 une \u00e9poque,&nbsp;lui permit d&rsquo;approvisionner en marchandises toute la Colombie, Barranquilla, la \u00ab Porte D&rsquo;or \u00bb de la Colombie, ravitaillait tout le pays gr\u00e2ce \u00e0 ses capacit\u00e9s maritimes (oc\u00e9an atlantique) et fluviales (le fleuve Magdalena). Monument d&rsquo;architecture dite \u00ab r\u00e9publicaine \u00bb (construit en 1849 &#8211; restaur\u00e9 en 1994), il h\u00e9berge maintenant la biblioth\u00e8que des Cara\u00efbes et les&nbsp;archives du d\u00e9partement de l&rsquo;Atl\u00e1ntico.<\/td>\n<\/tr>\n<\/tbody>\n<\/table>\n<p>Via 40 N\u00b0 36-135<br \/>\nT\u00e9l: 00 57 5 379 29 49<\/p>\n<p>&nbsp;<\/p>\n<p><span class=\"styleb\">Centro Cultural Museo del Atl\u00e1ntico<\/span><\/p>\n<table border=\"0\" cellspacing=\"1\" cellpadding=\"1\" align=\"center\">\n<tbody>\n<tr>\n<td valign=\"middle\"><a title=\"Centro Cultural Museo del Atl\u00e1ntico\" href=\"http:\/\/www.darloup.com\/blog\/pix\/pix33.jpg\" rel=\"lightbox\"><img loading=\"lazy\" decoding=\"async\" title=\"(cliquer pour agrandir)\" src=\"http:\/\/www.darloup.com\/blog\/pix\/pix33.jpg\" alt=\"\" width=\"200\" height=\"131\" border=\"0\" \/><\/a><\/td>\n<td width=\"30\"><\/td>\n<td valign=\"middle\">Mus\u00e9e consacr\u00e9 \u00e0 la culture et \u00e0 l&rsquo;histoire du d\u00e9partement de l&rsquo;Atl\u00e1ntico<\/td>\n<\/tr>\n<\/tbody>\n<\/table>\n<p>Calle 35 con Carrera 39, San Blas con el Callej\u00f3n<\/p>\n<p>&nbsp;<\/p>\n<p><span class=\"styleb\">La cath\u00e9drale Maria Reina<\/span><\/p>\n<table border=\"0\" cellspacing=\"1\" cellpadding=\"1\" align=\"center\">\n<tbody>\n<tr>\n<td valign=\"middle\"><a title=\"La cath\u00e9drale Maria Reina\" href=\"http:\/\/www.darloup.com\/blog\/pix\/pix21.jpg\" rel=\"lightbox\"><img loading=\"lazy\" decoding=\"async\" title=\"(cliquer pour agrandir)\" src=\"http:\/\/www.darloup.com\/blog\/pix\/pix21.jpg\" alt=\"\" width=\"200\" height=\"150\" align=\"left\" border=\"0\" \/> <\/a><\/td>\n<td width=\"30\"><\/td>\n<td valign=\"middle\">Edifice assez d\u00e9cevant vu de l&rsquo;ext\u00e9rieur (la fa\u00e7ade est en b\u00e9ton arm\u00e9 !), vous y trouverez n\u00e9anmoins \u00e0 l&rsquo;int\u00e9rieur de superbes vitraux et mosa\u00efques par l&rsquo;artiste Mario Ayala, ainsi qu&rsquo;une superbe sculpture du Christ au dessus de l&rsquo;autel<\/td>\n<\/tr>\n<\/tbody>\n<\/table>\n<p>&nbsp;<\/p>\n<p><span class=\"styleb\">Bocas de Ceniza<\/span><\/p>\n<table border=\"0\" cellspacing=\"1\" cellpadding=\"1\" align=\"center\">\n<tbody>\n<tr>\n<td valign=\"middle\"><a title=\"Bocas de Ceniza\" href=\"http:\/\/www.darloup.com\/blog\/pix\/pix30.jpg\" rel=\"lightbox\"><img loading=\"lazy\" decoding=\"async\" title=\"(cliquer pour agrandir)\" src=\"http:\/\/www.darloup.com\/blog\/pix\/pix30.jpg\" alt=\"\" width=\"200\" height=\"150\" align=\"left\" border=\"0\" \/> <\/a><\/td>\n<td width=\"30\"><\/td>\n<td valign=\"middle\">C&rsquo;est l&rsquo;endroit o\u00f9 le fleuve Magdalena&nbsp;(le plus long fleuve de Colombie &#8211; 1540 kms) rencontre enfin l&rsquo;oc\u00e9an Atlantique. La vue est spectaculaire alors que deux titans s&rsquo;affrontent dans une lutte sans merci<\/td>\n<td><\/td>\n<\/tr>\n<\/tbody>\n<\/table>\n<p>&nbsp;<\/p>\n<p><span class=\"styleb\">La Cueva<\/span><\/p>\n<table border=\"0\" cellspacing=\"1\" cellpadding=\"1\" align=\"center\">\n<tbody>\n<tr>\n<td valign=\"middle\"><a title=\"La Cueva\" href=\"http:\/\/www.darloup.com\/blog\/pix\/cueva01.jpg\" rel=\"lightbox\"><img loading=\"lazy\" decoding=\"async\" title=\"(cliquer pour agrandir)\" src=\"http:\/\/www.darloup.com\/blog\/pix\/cueva01.jpg\" alt=\"\" width=\"200\" height=\"150\" align=\"left\" border=\"0\" \/> <\/a><\/td>\n<td width=\"30\"><\/td>\n<td valign=\"middle\">C&rsquo;est \u00e0 la Cueva que, d\u00e8s les ann\u00e9es 40, commenc\u00e8rent \u00e0 se rassembler les \u00e9crivains, journalistes, philosophes, intellectuels, boh\u00e8mes et artistes de Barranquilla. Le \u00ab\u00a0<a title=\"Le Groupe de Barranquilla\" href=\"http:\/\/fr.wikipedia.org\/wiki\/Groupe_de_Barranquilla\" target=\"_blank\">Groupe de Barranquilla<\/a>\u00a0\u00bb se r\u00e9unissait \u00e9galement dans ce caf\u00e9. Actuellement, La Cueva est un mus\u00e9e-restaurant o\u00f9 r\u00e8gnent encore la pr\u00e9sence de&nbsp;Gabriel Garc\u00eda M\u00e1rquez, \u00c1lvaro Cepeda Samudio, Germ\u00e1n Vargas, Alfonso Fuenmayor et Alejandro Obreg\u00f3n &#8211; pour ne citer que les plus connus.<\/td>\n<td><\/td>\n<\/tr>\n<\/tbody>\n<\/table>\n<p>Calle 59 con carrera 43 esquina<br \/>\nT\u00e9l : 00 57 5 379 03 42<br \/>\nSite Web : <a title=\"La Cueva\" href=\"http:\/\/www.fundacionlacueva.org\" target=\"_blank\">www.fundacionlacueva.org<\/a><\/p>\n<p>&nbsp;<\/p>\n<p><span class=\"styleb\">La Troja<\/span><\/p>\n<table border=\"0\" cellspacing=\"1\" cellpadding=\"1\" align=\"center\">\n<tbody>\n<tr>\n<td valign=\"middle\"><a title=\"La Troja\" href=\"http:\/\/www.darloup.com\/blog\/pix\/troja01.jpg\" rel=\"lightbox\"><img loading=\"lazy\" decoding=\"async\" title=\"(cliquer pour agrandir)\" src=\"http:\/\/www.darloup.com\/blog\/pix\/troja01.jpg\" alt=\"\" width=\"200\" height=\"133\" align=\"left\" border=\"0\" \/> <\/a><\/td>\n<td width=\"30\"><\/td>\n<td valign=\"middle\">La Troja est le temple de la salsa \u00e0 Barranquilla &#8211; depuis 1965. C&rsquo;est un passage obligatoire pour toute personne aimant la salsa antillaise. N&rsquo;oubliez-pas que, contrairement aux cale\u00f1os, les barranquilleros ne dansent g\u00e9n\u00e9ralement pas la salsa en couple !<\/td>\n<td><\/td>\n<\/tr>\n<\/tbody>\n<\/table>\n<p>Calle 74 N\u00b0 44&nbsp;esquina<br \/>\nT\u00e9l : 00 57 317 589 59 24 &amp;&nbsp;00 57 315 736 63 23<br \/>\n<span style=\"font-size: 14px; line-height: 1.5em;\">&nbsp;<\/span><\/p>\n<p><span class=\"styleb\">Jardin zoologique<\/span><\/p>\n<table border=\"0\" cellspacing=\"1\" cellpadding=\"1\">\n<tbody>\n<tr>\n<td valign=\"middle\"><a title=\"Un fourmilier\" href=\"http:\/\/www.darloup.com\/blog\/pix\/zoo14.jpg\" rel=\"lightbox\"><img loading=\"lazy\" decoding=\"async\" title=\"(cliquer pour agrandir)\" src=\"http:\/\/www.darloup.com\/blog\/pix\/zoo14.jpg\" alt=\"\" width=\"200\" height=\"150\" border=\"0\" \/> <\/a><\/td>\n<td width=\"30\"><\/td>\n<td valign=\"middle\"><a href=\"?page_id=547\">Voir la page sur le zoo<\/a><\/td>\n<td><\/td>\n<\/tr>\n<\/tbody>\n<\/table>\n<p>&nbsp;<\/p>\n<p><span class=\"styleb\">Les plages de la mer des Cara\u00efbes<\/span><\/p>\n<table border=\"0\" cellspacing=\"1\" cellpadding=\"1\">\n<tbody>\n<tr>\n<td valign=\"middle\"><a title=\"Une plage colombienne bord\u00e9e par la mer des Cara\u00efbes\" href=\"http:\/\/www.darloup.com\/blog\/pix\/playa1.jpg\" rel=\"lightbox\"><img loading=\"lazy\" decoding=\"async\" title=\"(cliquer pour agrandir)\" src=\"http:\/\/www.darloup.com\/blog\/pix\/playa1.jpg\" alt=\"\" width=\"200\" height=\"150\" border=\"0\" \/> <\/a><\/td>\n<td width=\"30\"><\/td>\n<td valign=\"middle\"><a href=\"?page_id=1378\">Voir la page sur les plages coste\u00f1as<\/a><\/td>\n<td><\/td>\n<\/tr>\n<\/tbody>\n<\/table>\n<p>&nbsp;<\/p>\n<p><span class=\"styleb\">A d\u00e9couvrir \u00e9galement au gr\u00e9 de vos promenades dans Barranquilla :<\/span><\/p>\n<table cellspacing=\"10\" align=\"center\">\n<tbody>\n<tr>\n<td valign=\"middle\"><a title=\"La statue de la Libert\u00e9\" href=\"http:\/\/www.darloup.com\/blog\/pix\/pix22.jpg\" rel=\"lightbox\"><img loading=\"lazy\" decoding=\"async\" title=\"(cliquer pour agrandir)\" src=\"http:\/\/www.darloup.com\/blog\/pix\/pix22.jpg\" alt=\"\" width=\"150\" height=\"200\" align=\"middle\" border=\"0\" \/><\/a><br \/>\n<center><em><strong>Statue de la Libert\u00e9 <\/strong><\/em><\/center><\/td>\n<td valign=\"middle\"><a title=\"Le Centre Commercial Buena Vista\" href=\"http:\/\/www.darloup.com\/blog\/pix\/buenavista01.jpg\" rel=\"lightbox\"><img loading=\"lazy\" decoding=\"async\" title=\"(cliquer pour agrandir)\" src=\"http:\/\/www.darloup.com\/blog\/pix\/buenavista01.jpg\" alt=\"\" width=\"200\" height=\"150\" align=\"middle\" border=\"0\" \/><\/a><br \/>\n<center><em><strong>Le Centre Commercial<br \/>\nBuena Vista <\/strong><\/em><\/center><\/td>\n<td valign=\"middle\"><a title=\"La Place de l'\u00c9glise San Nicol\u00e1s\" href=\"http:\/\/www.darloup.com\/blog\/pix\/sannicolas01.jpg\" rel=\"lightbox\"><img loading=\"lazy\" decoding=\"async\" title=\"(cliquer pour agrandir)\" src=\"http:\/\/www.darloup.com\/blog\/pix\/sannicolas01.jpg\" alt=\"\" width=\"160\" height=\"200\" align=\"middle\" border=\"0\" \/><\/a><br \/>\n<center><em><strong>La Place de l&rsquo;\u00c9glise<br \/>\nSan Nicol\u00e1s<\/strong><\/em><\/center><\/td>\n<\/tr>\n<\/tbody>\n<\/table>\n<table cellspacing=\"10\" align=\"center\">\n<tbody>\n<tr>\n<td valign=\"middle\"><a title=\"Place de la Paix\" href=\"http:\/\/www.darloup.com\/blog\/pix\/pix25.jpg\" rel=\"lightbox\"><img loading=\"lazy\" decoding=\"async\" title=\"(cliquer pour agrandir)\" src=\"http:\/\/www.darloup.com\/blog\/pix\/pix25.jpg\" alt=\"\" width=\"200\" height=\"150\" align=\"middle\" border=\"0\" \/><\/a><br \/>\n<center><em><strong>Place de la Paix<\/strong><\/em><\/center><\/td>\n<td valign=\"middle\"><a title=\"La fontaine lumineuse Villa Country\" href=\"http:\/\/www.darloup.com\/blog\/pix\/pix26.jpg\" rel=\"lightbox\"><img loading=\"lazy\" decoding=\"async\" title=\"(cliquer pour agrandir)\" src=\"http:\/\/www.darloup.com\/blog\/pix\/pix26.jpg\" alt=\"\" width=\"200\" height=\"150\" align=\"middle\" border=\"0\" \/><\/a><br \/>\n<center><em><strong>La fontaine Villa Country<\/strong><\/em><\/center><\/td>\n<td valign=\"middle\"><a title=\"La gare Montoya\" href=\"http:\/\/www.darloup.com\/blog\/pix\/pix27.jpg\" rel=\"lightbox\"><img loading=\"lazy\" decoding=\"async\" title=\"(cliquer pour agrandir)\" src=\"http:\/\/www.darloup.com\/blog\/pix\/pix27.jpg\" alt=\"\" width=\"200\" height=\"103\" align=\"middle\" border=\"0\" \/><\/a><br \/>\n<center><em><strong>La gare Montoya<\/strong><\/em><\/center><\/td>\n<\/tr>\n<\/tbody>\n<\/table>\n<table cellspacing=\"10\" align=\"center\">\n<tbody>\n<tr>\n<td valign=\"middle\"><a title=\"Mural de Alejandro Obreg\u00f3n\" href=\"http:\/\/www.darloup.com\/blog\/pix\/pix28.jpg\" rel=\"lightbox\"><img loading=\"lazy\" decoding=\"async\" title=\"(cliquer pour agrandir)\" src=\"http:\/\/www.darloup.com\/blog\/pix\/pix28.jpg\" alt=\"\" width=\"159\" height=\"200\" align=\"middle\" border=\"0\" \/><\/a><br \/>\n<center><em><strong>Mural de Obreg\u00f3n<\/strong><\/em><\/center><\/td>\n<td valign=\"middle\"><a title=\"La th\u00e9\u00e2tre Amira de la Rosa\" href=\"http:\/\/www.darloup.com\/blog\/pix\/pix29.jpg\" rel=\"lightbox\"><img loading=\"lazy\" decoding=\"async\" title=\"(cliquer pour agrandir)\" src=\"http:\/\/www.darloup.com\/blog\/pix\/pix29.jpg\" alt=\"\" width=\"200\" height=\"150\" align=\"middle\" border=\"0\" \/><\/a><br \/>\n<center><em><strong>Le th\u00e9\u00e2tre Amira de la Rosa<\/strong><\/em><\/center><\/td>\n<td valign=\"middle\"><a title=\"Le parc des Fondateurs\" href=\"http:\/\/www.darloup.com\/blog\/pix\/pix31.jpg\" rel=\"lightbox\"><img loading=\"lazy\" decoding=\"async\" title=\"(cliquer pour agrandir)\" src=\"http:\/\/www.darloup.com\/blog\/pix\/pix31.jpg\" alt=\"\" width=\"200\" height=\"150\" align=\"middle\" border=\"0\" \/><\/a><br \/>\n<center><em><strong>Le parc des Fondateurs<\/strong><\/em><\/center><\/td>\n<\/tr>\n<\/tbody>\n<\/table>\n<table cellspacing=\"10\" align=\"center\">\n<tbody>\n<tr>\n<td valign=\"middle\"><a title=\"Statue de Joe Arroyo\" href=\"http:\/\/www.darloup.com\/blog\/pix\/joearroyo01.jpg\" rel=\"lightbox\"><img loading=\"lazy\" decoding=\"async\" title=\"(cliquer pour agrandir)\" src=\"http:\/\/www.darloup.com\/blog\/pix\/joearroyo01.jpg\" alt=\"\" width=\"200\" height=\"150\" align=\"middle\" border=\"0\" \/><\/a><br \/>\n<center><em><strong>Statue de Joe Arroyo<\/strong><\/em><\/center><\/td>\n<td valign=\"middle\"><a title=\"Monument \u00e0 Christophe Colomb\" href=\"http:\/\/www.darloup.com\/blog\/pix\/colon01.jpg\" rel=\"lightbox\"><img loading=\"lazy\" decoding=\"async\" title=\"(cliquer pour agrandir)\" src=\"http:\/\/www.darloup.com\/blog\/pix\/colon01.jpg\" alt=\"\" width=\"150\" height=\"200\" align=\"middle\" border=\"0\" \/><\/a><br \/>\n<center><em><strong>Monument \u00e0<br \/>\nChristophe Colomb<\/strong><\/em><\/center><\/td>\n<td valign=\"middle\"><a title=\"Sculpture de Shakira\" href=\"http:\/\/www.darloup.com\/blog\/pix\/shakira02.jpg\" rel=\"lightbox\"><img loading=\"lazy\" decoding=\"async\" title=\"(cliquer pour agrandir)\" src=\"http:\/\/www.darloup.com\/blog\/pix\/shakira02.jpg\" alt=\"\" width=\"200\" height=\"150\" align=\"middle\" border=\"0\" \/><\/a><br \/>\n<center><em><strong>Sculpture de Shakira<\/strong><\/em><\/center><\/td>\n<\/tr>\n<\/tbody>\n<\/table>\n<table cellspacing=\"10\" align=\"center\">\n<tbody>\n<tr>\n<td valign=\"middle\"><a title=\"Monument \u00e0 l'aviation\" href=\"http:\/\/www.darloup.com\/blog\/pix\/aviacion01.jpg\" rel=\"lightbox\"><img loading=\"lazy\" decoding=\"async\" title=\"(cliquer pour agrandir)\" src=\"http:\/\/www.darloup.com\/blog\/pix\/aviacion01.jpg\" alt=\"\" width=\"200\" height=\"100\" align=\"middle\" border=\"0\" \/><\/a><br \/>\n<center><em><strong>Monument \u00e0 l&rsquo;aviation<\/strong><\/em><\/center><\/td>\n<td valign=\"middle\"><a title=\"Statue de Sim\u00f3n Bol\u00edvar\" href=\"http:\/\/www.darloup.com\/blog\/pix\/bolivar01.jpg\" rel=\"lightbox\"><img loading=\"lazy\" decoding=\"async\" title=\"(cliquer pour agrandir)\" src=\"http:\/\/www.darloup.com\/blog\/pix\/bolivar01.jpg\" alt=\"\" width=\"143\" height=\"200\" align=\"middle\" border=\"0\" \/><\/a><br \/>\n<center><em><strong>Statue de Sim\u00f3n Bol\u00edvar<\/strong><\/em><\/center><\/td>\n<td valign=\"middle\"><a title=\"Monument \u00e0 la Cumbia\" href=\"http:\/\/www.darloup.com\/blog\/pix\/cumbia01.jpg\" rel=\"lightbox\"><img loading=\"lazy\" decoding=\"async\" title=\"(cliquer pour agrandir)\" src=\"http:\/\/www.darloup.com\/blog\/pix\/cumbia01.jpg\" alt=\"\" width=\"200\" height=\"150\" align=\"middle\" border=\"0\" \/><\/a><br \/>\n<center><em><strong>Monument \u00e0 la Cumbia<\/strong><\/em><\/center><\/td>\n<\/tr>\n<\/tbody>\n<\/table>\n<table cellspacing=\"10\" align=\"center\">\n<tbody>\n<tr>\n<td valign=\"middle\"><a title=\"L'\u00e9glise San Jos\u00e9\" href=\"http:\/\/www.darloup.com\/blog\/pix\/sanjose01.jpg\" rel=\"lightbox\"><img loading=\"lazy\" decoding=\"async\" title=\"(cliquer pour agrandir)\" src=\"http:\/\/www.darloup.com\/blog\/pix\/sanjose01.jpg\" alt=\"\" width=\"200\" height=\"103\" align=\"middle\" border=\"0\" \/><\/a><br \/>\n<center><em><strong>L&rsquo;\u00e9glise San Jos\u00e9<\/strong><\/em><\/center><\/td>\n<\/tr>\n<\/tbody>\n<\/table>\n","protected":false},"excerpt":{"rendered":"<p>Barranquilla n\u2019est pas une ville touristique. Il y a tr\u00e8s peu de choses \u00e0 voir ou \u00e0 faire, bien que vous puissiez l\u2019utiliser comme base d\u2019exploration pour visiter la c\u00f4te nord. Deux quartiers se d\u00e9marquent&nbsp;: * Le centre-ville, situ\u00e9 de part et d\u2019autre du \u00ab&nbsp;Paseo Bol\u00edvar&nbsp;\u00bb * Le quartier du Prado Voici&nbsp;quelques suggestions de choses &hellip; <a href=\"https:\/\/www.darloup.com\/blog\/la-colombie\/barranquilla-vues-densemble\/que-faire-que-voir\/\" class=\"more-link\">Continuer la lecture<span class=\"screen-reader-text\"> de &laquo;&nbsp;Que faire &#038; que voir ?&nbsp;&raquo;<\/span><\/a><\/p>\n","protected":false},"author":1,"featured_media":0,"parent":145,"menu_order":3700,"comment_status":"open","ping_status":"open","template":"","meta":{"_monsterinsights_skip_tracking":false,"_monsterinsights_sitenote_active":false,"_monsterinsights_sitenote_note":"","_monsterinsights_sitenote_category":0,"footnotes":""},"class_list":["post-682","page","type-page","status-publish","hentry"],"aioseo_notices":[],"jetpack_shortlink":"https:\/\/wp.me\/Pj2vv-b0","jetpack_likes_enabled":true,"jetpack_sharing_enabled":true,"_links":{"self":[{"href":"https:\/\/www.darloup.com\/blog\/wp-json\/wp\/v2\/pages\/682","targetHints":{"allow":["GET"]}}],"collection":[{"href":"https:\/\/www.darloup.com\/blog\/wp-json\/wp\/v2\/pages"}],"about":[{"href":"https:\/\/www.darloup.com\/blog\/wp-json\/wp\/v2\/types\/page"}],"author":[{"embeddable":true,"href":"https:\/\/www.darloup.com\/blog\/wp-json\/wp\/v2\/users\/1"}],"replies":[{"embeddable":true,"href":"https:\/\/www.darloup.com\/blog\/wp-json\/wp\/v2\/comments?post=682"}],"version-history":[{"count":113,"href":"https:\/\/www.darloup.com\/blog\/wp-json\/wp\/v2\/pages\/682\/revisions"}],"predecessor-version":[{"id":3385,"href":"https:\/\/www.darloup.com\/blog\/wp-json\/wp\/v2\/pages\/682\/revisions\/3385"}],"up":[{"embeddable":true,"href":"https:\/\/www.darloup.com\/blog\/wp-json\/wp\/v2\/pages\/145"}],"wp:attachment":[{"href":"https:\/\/www.darloup.com\/blog\/wp-json\/wp\/v2\/media?parent=682"}],"curies":[{"name":"wp","href":"https:\/\/api.w.org\/{rel}","templated":true}]}}